{"id":46945,"date":"2024-07-30T19:11:42","date_gmt":"2024-09-12T12:43:04","guid":{"rendered":"https:\/\/staging.nbg.eu\/product\/surefire-scout-light-rear-cap\/"},"modified":"2024-09-12T12:43:48","modified_gmt":"2024-09-12T12:43:48","slug":"capuchon-arriere-surefire-scout-light","status":"publish","type":"product","link":"https:\/\/staging.nbg.eu\/fr\/produit\/capuchon-arriere-surefire-scout-light\/","title":{"rendered":"Capuchon arri\u00e8re SureFire Scout Light"},"content":{"rendered":"<div class=\"product-description\">\n<h2>CAPUCHON ARRI\u00c8RE SUREFIRE SCOUT LIGHT<\/h2>\n<p>Am\u00e9liorez votre Scout Light avec le CAPUCHON ARRI\u00c8RE SUREFIRE SCOUT LIGHT, un assemblage de capuchon arri\u00e8re de remplacement con\u00e7u pour une polyvalence et une fonctionnalit\u00e9 accrues.<\/p>\n<h3>Caract\u00e9ristiques principales :<\/h3>\n<ul>\n<li>Compatible avec les interrupteurs \u00e0 ruban SureFire (ST07 non inclus)<\/li>\n<li>Fonction de verrouillage pour \u00e9viter l&rsquo;activation accidentelle<\/li>\n<li>Construction en aluminium de qualit\u00e9 a\u00e9rospatiale<\/li>\n<li>Finition anodis\u00e9e dure de type III selon les sp\u00e9cifications militaires<\/li>\n<li>Disponible en noir ou tan d\u00e9sert<\/li>\n<\/ul>\n<p>Cet assemblage de capuchon arri\u00e8re permet de fixer un interrupteur \u00e0 ruban SureFire, offrant un meilleur contr\u00f4le et une plus grande flexibilit\u00e9 lors des op\u00e9rations tactiques. La fonction de verrouillage assure la s\u00e9curit\u00e9 pendant le transport et le stockage.<\/p>\n<h3>Compatibilit\u00e9 :<\/h3>\n<p>S&rsquo;adapte aux lampes Scout Light et aux lampes de poche avec un interrupteur de 19 mm de diam\u00e8tre, notamment :<\/p>\n<ul>\n<li>E1E-HA, E1B, E1L-HA-WH<\/li>\n<li>E2D-BK, E2DL-BK, E2L-HA-WH<\/li>\n<li>L4-HA-WH<\/li>\n<\/ul>\n<p><strong>Remarque :<\/strong> Non compatible avec Micro Scout Light Pro<\/p>\n<p>Am\u00e9liorez les performances de votre Scout Light avec cet assemblage de capuchon arri\u00e8re durable et polyvalent.<\/p>\n<\/div>\n","protected":false},"excerpt":{"rendered":"<p>Capuchon arri\u00e8re de remplacement pour les lampes Scout. Permet l&rsquo;utilisation d&rsquo;un interrupteur d\u00e9port\u00e9.<\/p>\n","protected":false},"featured_media":46946,"template":"","meta":{"_acf_changed":false},"product_brand":[11866],"product_cat":[12208,12193,12184],"product_tag":[],"class_list":{"0":"post-46945","1":"product","2":"type-product","3":"status-publish","4":"has-post-thumbnail","6":"product_brand-surefire","7":"product_cat-accessoires-de-lampe","8":"product_cat-fusil","9":"product_cat-lampes","11":"first","12":"instock","13":"taxable","14":"shipping-taxable","15":"purchasable","16":"product-type-variable","17":"wvs-archive-product-wrapper"},"acf":[],"_links":{"self":[{"href":"https:\/\/staging.nbg.eu\/fr\/wp-json\/wp\/v2\/product\/46945","targetHints":{"allow":["GET"]}}],"collection":[{"href":"https:\/\/staging.nbg.eu\/fr\/wp-json\/wp\/v2\/product"}],"about":[{"href":"https:\/\/staging.nbg.eu\/fr\/wp-json\/wp\/v2\/types\/product"}],"wp:featuredmedia":[{"embeddable":true,"href":"https:\/\/staging.nbg.eu\/fr\/wp-json\/wp\/v2\/media\/46946"}],"wp:attachment":[{"href":"https:\/\/staging.nbg.eu\/fr\/wp-json\/wp\/v2\/media?parent=46945"}],"wp:term":[{"taxonomy":"product_brand","embeddable":true,"href":"https:\/\/staging.nbg.eu\/fr\/wp-json\/wp\/v2\/product_brand?post=46945"},{"taxonomy":"product_cat","embeddable":true,"href":"https:\/\/staging.nbg.eu\/fr\/wp-json\/wp\/v2\/product_cat?post=46945"},{"taxonomy":"product_tag","embeddable":true,"href":"https:\/\/staging.nbg.eu\/fr\/wp-json\/wp\/v2\/product_tag?post=46945"}],"curies":[{"name":"wp","href":"https:\/\/api.w.org\/{rel}","templated":true}]}}