{"id":46778,"date":"2024-07-30T19:41:53","date_gmt":"2024-09-12T12:04:21","guid":{"rendered":"https:\/\/staging.nbg.eu\/product\/iosso-pistol-brush\/"},"modified":"2024-09-12T12:05:33","modified_gmt":"2024-09-12T12:05:33","slug":"brosse-iosso-pour-pistolet","status":"publish","type":"product","link":"https:\/\/staging.nbg.eu\/fr\/produit\/brosse-iosso-pour-pistolet\/","title":{"rendered":"Brosse Iosso pour pistolet"},"content":{"rendered":"<p>\nLa <strong>brosse de pistolet Iosso<\/strong> est un outil de nettoyage de canon con\u00e7u pour une performance efficace :<\/p>\n<ul>\n<li>Fibres bleues pour une identification facile<\/li>\n<li>Poils plus \u00e9pais et plus rigides permettant un mouvement de va-et-vient<\/li>\n<li>8-10 fois plus durable que les brosses traditionnelles<\/li>\n<li>Dens\u00e9ment tress\u00e9e avec plus de fibres par pouce<\/li>\n<li>Con\u00e7ue pour une utilisation avec le nettoyant de canon Iosso et la solution \u00e0 triple action<\/li>\n<li>\u00c9limine tous les types d&rsquo;encrassement<\/li>\n<li>R\u00e9duit le temps de nettoyage pour un canon propre<\/li>\n<\/ul>\n<p>Disponible en diff\u00e9rentes tailles d&rsquo;armes \u00e0 feu. Les brosses bleues sont une marque d\u00e9pos\u00e9e d&rsquo;Iosso Products.<\/p>\n","protected":false},"excerpt":{"rendered":"<p>Brosse de pistolet bleu cobalt durable pour un nettoyage efficace et complet du canon.<\/p>\n","protected":false},"featured_media":107490,"template":"","meta":{"_acf_changed":false},"product_brand":[11481],"product_cat":[12201,12174],"product_tag":[],"class_list":{"0":"post-46778","1":"product","2":"type-product","3":"status-publish","4":"has-post-thumbnail","6":"product_brand-iosso","7":"product_cat-brosses","8":"product_cat-nettoyage-darmes","10":"first","11":"instock","12":"taxable","13":"shipping-taxable","14":"purchasable","15":"product-type-variable","16":"wvs-archive-product-wrapper"},"acf":[],"_links":{"self":[{"href":"https:\/\/staging.nbg.eu\/fr\/wp-json\/wp\/v2\/product\/46778","targetHints":{"allow":["GET"]}}],"collection":[{"href":"https:\/\/staging.nbg.eu\/fr\/wp-json\/wp\/v2\/product"}],"about":[{"href":"https:\/\/staging.nbg.eu\/fr\/wp-json\/wp\/v2\/types\/product"}],"wp:featuredmedia":[{"embeddable":true,"href":"https:\/\/staging.nbg.eu\/fr\/wp-json\/wp\/v2\/media\/107490"}],"wp:attachment":[{"href":"https:\/\/staging.nbg.eu\/fr\/wp-json\/wp\/v2\/media?parent=46778"}],"wp:term":[{"taxonomy":"product_brand","embeddable":true,"href":"https:\/\/staging.nbg.eu\/fr\/wp-json\/wp\/v2\/product_brand?post=46778"},{"taxonomy":"product_cat","embeddable":true,"href":"https:\/\/staging.nbg.eu\/fr\/wp-json\/wp\/v2\/product_cat?post=46778"},{"taxonomy":"product_tag","embeddable":true,"href":"https:\/\/staging.nbg.eu\/fr\/wp-json\/wp\/v2\/product_tag?post=46778"}],"curies":[{"name":"wp","href":"https:\/\/api.w.org\/{rel}","templated":true}]}}