{"id":46260,"date":"2024-07-31T20:30:37","date_gmt":"2024-09-11T15:45:48","guid":{"rendered":"https:\/\/staging.nbg.eu\/product\/fox-ammunition-65-creed-123-gr\/"},"modified":"2024-09-11T15:46:31","modified_gmt":"2024-09-11T15:46:31","slug":"munitions-fox-65-creed-123-gr","status":"publish","type":"product","link":"https:\/\/staging.nbg.eu\/fr\/produit\/munitions-fox-65-creed-123-gr\/","title":{"rendered":"Munitions Fox 6,5 Creed. &#8211; 123 gr"},"content":{"rendered":"<h2>Munitions Fox 6.5 Creed &#8211; 123 gr<\/h2>\n<p>Les cartouches Fox Ammunition 6.5 Creed 123 gr utilisent la balle Fox Classic. Ces projectiles sans plomb sont fabriqu\u00e9s \u00e0 partir d&rsquo;un alliage de cuivre et de zinc.<\/p>\n<ul>\n<li>Composition sans plomb<\/li>\n<li>Conception rainur\u00e9e pour r\u00e9duire la pression du canon et augmenter la v\u00e9locit\u00e9<\/li>\n<li>Pointe en plastique thermostable pour am\u00e9liorer la balistique et l&rsquo;effet terminal<\/li>\n<li>Expansion contr\u00f4l\u00e9e pour un transfert d&rsquo;\u00e9nergie optimal<\/li>\n<li>Efficace \u00e0 courte et longue distance<\/li>\n<li>Puissance d&rsquo;arr\u00eat avec dommages minimaux \u00e0 la viande<\/li>\n<\/ul>\n<p>Les munitions Fox offrent pr\u00e9cision et fiabilit\u00e9.<\/p>\n","protected":false},"excerpt":{"rendered":"<p>Munitions de pr\u00e9cision sans plomb pour calibre 6.5 Creedmoor<\/p>\n","protected":false},"featured_media":46261,"template":"","meta":{"_acf_changed":false},"product_brand":[],"product_cat":[12168,12205],"product_tag":[],"class_list":{"0":"post-46260","1":"product","2":"type-product","3":"status-publish","4":"has-post-thumbnail","6":"product_cat-munitions","7":"product_cat-munitions-de-fusil","9":"first","10":"instock","11":"taxable","12":"shipping-taxable","13":"purchasable","14":"product-type-simple"},"acf":[],"_links":{"self":[{"href":"https:\/\/staging.nbg.eu\/fr\/wp-json\/wp\/v2\/product\/46260","targetHints":{"allow":["GET"]}}],"collection":[{"href":"https:\/\/staging.nbg.eu\/fr\/wp-json\/wp\/v2\/product"}],"about":[{"href":"https:\/\/staging.nbg.eu\/fr\/wp-json\/wp\/v2\/types\/product"}],"wp:featuredmedia":[{"embeddable":true,"href":"https:\/\/staging.nbg.eu\/fr\/wp-json\/wp\/v2\/media\/46261"}],"wp:attachment":[{"href":"https:\/\/staging.nbg.eu\/fr\/wp-json\/wp\/v2\/media?parent=46260"}],"wp:term":[{"taxonomy":"product_brand","embeddable":true,"href":"https:\/\/staging.nbg.eu\/fr\/wp-json\/wp\/v2\/product_brand?post=46260"},{"taxonomy":"product_cat","embeddable":true,"href":"https:\/\/staging.nbg.eu\/fr\/wp-json\/wp\/v2\/product_cat?post=46260"},{"taxonomy":"product_tag","embeddable":true,"href":"https:\/\/staging.nbg.eu\/fr\/wp-json\/wp\/v2\/product_tag?post=46260"}],"curies":[{"name":"wp","href":"https:\/\/api.w.org\/{rel}","templated":true}]}}