{"id":46161,"date":"2024-08-03T08:31:54","date_gmt":"2024-09-11T15:10:57","guid":{"rendered":"https:\/\/staging.nbg.eu\/product\/rh-owb-tac-duty-holster\/"},"modified":"2024-09-11T15:12:01","modified_gmt":"2024-09-11T15:12:01","slug":"etui-owb-tacduty-main-droite","status":"publish","type":"product","link":"https:\/\/staging.nbg.eu\/fr\/produit\/etui-owb-tacduty-main-droite\/","title":{"rendered":"\u00c9tui OWB Tac\/Duty main droite"},"content":{"rendered":"<p>Le holster RH OWB Tac\/Duty est un \u00e9tui en kydex con\u00e7u pour un usage tactique et de service. Caract\u00e9ristiques :<\/p>\n<ul>\n<li>Compatible avec les lampes mont\u00e9es sur l&rsquo;arme<\/li>\n<li>S&rsquo;adapte aux plateformes Safariland, Blackhawk ou Blade-Tech<\/li>\n<li>Convient pour un port \u00e0 la cuisse abaiss\u00e9<\/li>\n<li>Entretien et nettoyage faciles<\/li>\n<li>Utilis\u00e9 par les Forces arm\u00e9es et la Police tch\u00e8ques<\/li>\n<\/ul>\n<p>Adapt\u00e9 pour les armes de service, l&rsquo;entra\u00eenement et les op\u00e9rations tactiques.<\/p>\n","protected":false},"excerpt":{"rendered":"<p>\u00c9tui en Kydex durable pour usage professionnel. Compatible avec les armes de service et les lampes.<\/p>\n","protected":false},"featured_media":46162,"template":"","meta":{"_acf_changed":false},"product_brand":[11635],"product_cat":[12185,12147,12134],"product_tag":[],"class_list":{"0":"post-46161","1":"product","2":"type-product","3":"status-publish","4":"has-post-thumbnail","6":"product_brand-rh-holsters","7":"product_cat-etui-de-sport","8":"product_cat-holster","9":"product_cat-holster-tactique","10":"pa_light-surefire-x300-ultra-a-fr","11":"pa_model-glock-17-fr","12":"pa_safety-automatic-fr","13":"pa_strong-hand-right-fr","15":"first","16":"instock","17":"taxable","18":"shipping-taxable","19":"purchasable","20":"product-type-variable","21":"wvs-archive-product-wrapper"},"acf":[],"_links":{"self":[{"href":"https:\/\/staging.nbg.eu\/fr\/wp-json\/wp\/v2\/product\/46161","targetHints":{"allow":["GET"]}}],"collection":[{"href":"https:\/\/staging.nbg.eu\/fr\/wp-json\/wp\/v2\/product"}],"about":[{"href":"https:\/\/staging.nbg.eu\/fr\/wp-json\/wp\/v2\/types\/product"}],"wp:featuredmedia":[{"embeddable":true,"href":"https:\/\/staging.nbg.eu\/fr\/wp-json\/wp\/v2\/media\/46162"}],"wp:attachment":[{"href":"https:\/\/staging.nbg.eu\/fr\/wp-json\/wp\/v2\/media?parent=46161"}],"wp:term":[{"taxonomy":"product_brand","embeddable":true,"href":"https:\/\/staging.nbg.eu\/fr\/wp-json\/wp\/v2\/product_brand?post=46161"},{"taxonomy":"product_cat","embeddable":true,"href":"https:\/\/staging.nbg.eu\/fr\/wp-json\/wp\/v2\/product_cat?post=46161"},{"taxonomy":"product_tag","embeddable":true,"href":"https:\/\/staging.nbg.eu\/fr\/wp-json\/wp\/v2\/product_tag?post=46161"}],"curies":[{"name":"wp","href":"https:\/\/api.w.org\/{rel}","templated":true}]}}