{"id":45622,"date":"2024-08-04T20:46:31","date_gmt":"2024-09-10T14:52:07","guid":{"rendered":"https:\/\/staging.nbg.eu\/product\/rh-ar15-m4-owb-mag-holder\/"},"modified":"2024-09-10T14:53:03","modified_gmt":"2024-09-10T14:53:03","slug":"porte-chargeur-owb-ar15m4-rh","status":"publish","type":"product","link":"https:\/\/staging.nbg.eu\/fr\/produit\/porte-chargeur-owb-ar15m4-rh\/","title":{"rendered":"Porte-chargeur OWB AR15\/M4 RH"},"content":{"rendered":"<p>Le porte-chargeur RH AR15\/M4 OWB est parfait pour l&rsquo;IPSC et l&rsquo;usage professionnel. Ses caract\u00e9ristiques comprennent :<\/p>\n<ul>\n<li>Prise ajustable pour une r\u00e9sistance optimale<\/li>\n<li>Accessibilit\u00e9 facile<\/li>\n<li>Compatible avec les ceintures de sport et tactiques<\/li>\n<li>Moul\u00e9 avec pr\u00e9cision pour un ajustement parfait<\/li>\n<li>Indentations nettes avec des bords lisses<\/li>\n<\/ul>\n<p>Id\u00e9al pour les chargeurs PCC, cet \u00e9tui offre des performances et un confort sup\u00e9rieurs.<\/p>\n","protected":false},"excerpt":{"rendered":"<p>Support de chargeur IPSC\/service r\u00e9glable pour un acc\u00e8s facile sur les ceintures tactiques<\/p>\n","protected":false},"featured_media":45624,"template":"","meta":{"_acf_changed":false},"product_brand":[11635],"product_cat":[12147,12136],"product_tag":[],"class_list":{"0":"post-45622","1":"product","2":"type-product","3":"status-publish","4":"has-post-thumbnail","6":"product_brand-rh-holsters","7":"product_cat-holster","8":"product_cat-porte-chargeurs","9":"pa_model-ar-15-fr","10":"pa_strong-hand-right-fr","12":"first","13":"instock","14":"taxable","15":"shipping-taxable","16":"purchasable","17":"product-type-variable","18":"wvs-archive-product-wrapper"},"acf":[],"_links":{"self":[{"href":"https:\/\/staging.nbg.eu\/fr\/wp-json\/wp\/v2\/product\/45622","targetHints":{"allow":["GET"]}}],"collection":[{"href":"https:\/\/staging.nbg.eu\/fr\/wp-json\/wp\/v2\/product"}],"about":[{"href":"https:\/\/staging.nbg.eu\/fr\/wp-json\/wp\/v2\/types\/product"}],"wp:featuredmedia":[{"embeddable":true,"href":"https:\/\/staging.nbg.eu\/fr\/wp-json\/wp\/v2\/media\/45624"}],"wp:attachment":[{"href":"https:\/\/staging.nbg.eu\/fr\/wp-json\/wp\/v2\/media?parent=45622"}],"wp:term":[{"taxonomy":"product_brand","embeddable":true,"href":"https:\/\/staging.nbg.eu\/fr\/wp-json\/wp\/v2\/product_brand?post=45622"},{"taxonomy":"product_cat","embeddable":true,"href":"https:\/\/staging.nbg.eu\/fr\/wp-json\/wp\/v2\/product_cat?post=45622"},{"taxonomy":"product_tag","embeddable":true,"href":"https:\/\/staging.nbg.eu\/fr\/wp-json\/wp\/v2\/product_tag?post=45622"}],"curies":[{"name":"wp","href":"https:\/\/api.w.org\/{rel}","templated":true}]}}