{"id":45471,"date":"2024-08-16T17:57:18","date_gmt":"2024-09-10T14:26:09","guid":{"rendered":"https:\/\/staging.nbg.eu\/product\/clips-ulticlip-3\/"},"modified":"2024-09-10T14:26:50","modified_gmt":"2024-09-10T14:26:50","slug":"clips-ulticlip-3","status":"publish","type":"product","link":"https:\/\/staging.nbg.eu\/fr\/produit\/clips-ulticlip-3\/","title":{"rendered":"Clips Ulticlip 3+"},"content":{"rendered":"<div class=\"product-description\">\n<h2>Clips Ulticlip 3+ : Dissimulation et R\u00e9tention Ultimes<\/h2>\n<p>D\u00e9couvrez une dissimulation et une r\u00e9tention in\u00e9gal\u00e9es avec l&rsquo;Ulticlip3+. Ce clip 100% fabriqu\u00e9 aux \u00c9tats-Unis offre :<\/p>\n<ul>\n<li>Une option de port sup\u00e9rieure sans ceinture<\/li>\n<li>Une finition noire oxyd\u00e9e de qualit\u00e9 militaire<\/li>\n<li>Un acier \u00e0 ressort C-1075 trait\u00e9 thermiquement (RC 42-49)<\/li>\n<li>Un traitement \u00e0 la cire\/huile pour un fonctionnement en douceur et une pr\u00e9vention de la rouille<\/li>\n<li>Une r\u00e9tention plus de 10 fois sup\u00e9rieure \u00e0 celle des clips d&rsquo;\u00e9tui standard<\/li>\n<\/ul>\n<p>L&rsquo;Ulticlip3+ pr\u00e9sente une zone de montage plate avec 2 fentes et 1 trou, permettant des options de fixation polyvalentes avec un espacement de trou allant jusqu&rsquo;\u00e0 1,70&Prime;. Mesurant seulement 3,5&Prime; x 7\/8&Prime; et ne pesant que 0,78 oz, il offre un profil minimal avec une dissimulation maximale.<\/p>\n<p>Am\u00e9liorez votre syst\u00e8me de port avec l&rsquo;Ulticlip3+ d\u00e8s aujourd&rsquo;hui !<\/p>\n<\/div>\n","protected":false},"excerpt":{"rendered":"<p>Clip s\u00e9curis\u00e9 et mince pour port sans ceinture. Plusieurs options de montage.<\/p>\n","protected":false},"featured_media":22717,"template":"","meta":{"_acf_changed":false},"product_brand":[],"product_cat":[12180,12160],"product_tag":[],"class_list":{"0":"post-45471","1":"product","2":"type-product","3":"status-publish","4":"has-post-thumbnail","6":"product_cat-accessoires-detui","7":"product_cat-equipement","9":"first","10":"instock","11":"taxable","12":"shipping-taxable","13":"purchasable","14":"product-type-simple"},"acf":[],"_links":{"self":[{"href":"https:\/\/staging.nbg.eu\/fr\/wp-json\/wp\/v2\/product\/45471","targetHints":{"allow":["GET"]}}],"collection":[{"href":"https:\/\/staging.nbg.eu\/fr\/wp-json\/wp\/v2\/product"}],"about":[{"href":"https:\/\/staging.nbg.eu\/fr\/wp-json\/wp\/v2\/types\/product"}],"wp:featuredmedia":[{"embeddable":true,"href":"https:\/\/staging.nbg.eu\/fr\/wp-json\/wp\/v2\/media\/22717"}],"wp:attachment":[{"href":"https:\/\/staging.nbg.eu\/fr\/wp-json\/wp\/v2\/media?parent=45471"}],"wp:term":[{"taxonomy":"product_brand","embeddable":true,"href":"https:\/\/staging.nbg.eu\/fr\/wp-json\/wp\/v2\/product_brand?post=45471"},{"taxonomy":"product_cat","embeddable":true,"href":"https:\/\/staging.nbg.eu\/fr\/wp-json\/wp\/v2\/product_cat?post=45471"},{"taxonomy":"product_tag","embeddable":true,"href":"https:\/\/staging.nbg.eu\/fr\/wp-json\/wp\/v2\/product_tag?post=45471"}],"curies":[{"name":"wp","href":"https:\/\/api.w.org\/{rel}","templated":true}]}}