{"id":45449,"date":"2024-08-16T17:59:54","date_gmt":"2024-09-10T14:24:05","guid":{"rendered":"https:\/\/staging.nbg.eu\/product\/clips-ulticlip-xl\/"},"modified":"2024-09-10T14:24:45","modified_gmt":"2024-09-10T14:24:45","slug":"clips-ulticlip-xl","status":"publish","type":"product","link":"https:\/\/staging.nbg.eu\/fr\/produit\/clips-ulticlip-xl\/","title":{"rendered":"Clips Ulticlip XL"},"content":{"rendered":"<div class=\"product-description\">\n<h2>Clips Ulticlip XL : Le clip de holster multi-outils ultime<\/h2>\n<p>D\u00e9couvrez l&rsquo;Ulticlip XL, le premier clip de holster multi-outils au monde combin\u00e9 \u00e0 une boucle de ceinture en acier verrouillable. Cet appareil innovant offre une polyvalence in\u00e9gal\u00e9e pour le transport de holsters, d&rsquo;\u00e9tuis de couteaux et d&rsquo;accessoires.<\/p>\n<ul>\n<li>Double fonctionnalit\u00e9 : Utilisez-le comme clip de holster ou boucle de ceinture<\/li>\n<li>Compatible avec le port IWB et OWB<\/li>\n<li>Cl\u00e9 multi-outils int\u00e9gr\u00e9e (1\/4&Prime;, 5\/16&Prime;, 3\/8&Prime;) et tournevis plat<\/li>\n<li>Plusieurs points d&rsquo;attache pour divers produits<\/li>\n<li>Boucle de ceinture en acier verrouillable pour ceintures de 1,5&Prime; de large (jusqu&rsquo;\u00e0 3\/8&Prime; d&rsquo;\u00e9paisseur)<\/li>\n<li>Finition noire oxyd\u00e9e de qualit\u00e9 militaire<\/li>\n<li>Construction en acier \u00e0 ressort 1075 &amp; 1050 trait\u00e9 thermiquement<\/li>\n<li>Taille : 3,5&Prime; x 7\/8&Prime;, Poids : 1,37 oz.<\/li>\n<\/ul>\n<p>D\u00e9couvrez la solution de transport ultime avec Ulticlip XL !<\/p>\n<\/div>\n","protected":false},"excerpt":{"rendered":"<p>Ulticlip XL : Clip de holster multi-outil et boucle de ceinture verrouillable pour un port polyvalent.<\/p>\n","protected":false},"featured_media":22993,"template":"","meta":{"_acf_changed":false},"product_brand":[],"product_cat":[12180,12160],"product_tag":[],"class_list":{"0":"post-45449","1":"product","2":"type-product","3":"status-publish","4":"has-post-thumbnail","6":"product_cat-accessoires-detui","7":"product_cat-equipement","9":"first","10":"instock","11":"taxable","12":"shipping-taxable","13":"purchasable","14":"product-type-simple"},"acf":[],"_links":{"self":[{"href":"https:\/\/staging.nbg.eu\/fr\/wp-json\/wp\/v2\/product\/45449","targetHints":{"allow":["GET"]}}],"collection":[{"href":"https:\/\/staging.nbg.eu\/fr\/wp-json\/wp\/v2\/product"}],"about":[{"href":"https:\/\/staging.nbg.eu\/fr\/wp-json\/wp\/v2\/types\/product"}],"wp:featuredmedia":[{"embeddable":true,"href":"https:\/\/staging.nbg.eu\/fr\/wp-json\/wp\/v2\/media\/22993"}],"wp:attachment":[{"href":"https:\/\/staging.nbg.eu\/fr\/wp-json\/wp\/v2\/media?parent=45449"}],"wp:term":[{"taxonomy":"product_brand","embeddable":true,"href":"https:\/\/staging.nbg.eu\/fr\/wp-json\/wp\/v2\/product_brand?post=45449"},{"taxonomy":"product_cat","embeddable":true,"href":"https:\/\/staging.nbg.eu\/fr\/wp-json\/wp\/v2\/product_cat?post=45449"},{"taxonomy":"product_tag","embeddable":true,"href":"https:\/\/staging.nbg.eu\/fr\/wp-json\/wp\/v2\/product_tag?post=45449"}],"curies":[{"name":"wp","href":"https:\/\/api.w.org\/{rel}","templated":true}]}}