{"id":45174,"date":"2024-08-18T09:26:06","date_gmt":"2024-09-10T13:11:37","guid":{"rendered":"https:\/\/staging.nbg.eu\/product\/premium-belt-security-loop\/"},"modified":"2024-09-10T13:12:18","modified_gmt":"2024-09-10T13:12:18","slug":"boucle-de-securite-premium-pour-ceinture","status":"publish","type":"product","link":"https:\/\/staging.nbg.eu\/fr\/produit\/boucle-de-securite-premium-pour-ceinture\/","title":{"rendered":"Boucle de s\u00e9curit\u00e9 premium pour ceinture"},"content":{"rendered":"<p>S\u00e9curisez votre ceinture avec la boucle de s\u00e9curit\u00e9 DAA Premium Belt Security Loop. Caoutchout\u00e9e pour plus de confort et d&rsquo;adh\u00e9rence, elle maintient votre ceinture en place pendant les s\u00e9ances de tir intenses. S&rsquo;adapte \u00e0 la plupart des ceintures standard.<\/p>\n","protected":false},"excerpt":{"rendered":"<p>Passant de ceinture s\u00e9curis\u00e9 : Prise caoutchout\u00e9e, emp\u00eache le glissement, s&rsquo;adapte aux ceintures standard.<\/p>\n","protected":false},"featured_media":26096,"template":"","meta":{"_acf_changed":false},"product_brand":[11268],"product_cat":[12163,12160],"product_tag":[],"class_list":{"0":"post-45174","1":"product","2":"type-product","3":"status-publish","4":"has-post-thumbnail","6":"product_brand-doublealpha","7":"product_cat-ceintures-sport","8":"product_cat-equipement","10":"first","11":"instock","12":"taxable","13":"shipping-taxable","14":"purchasable","15":"product-type-simple"},"acf":[],"_links":{"self":[{"href":"https:\/\/staging.nbg.eu\/fr\/wp-json\/wp\/v2\/product\/45174","targetHints":{"allow":["GET"]}}],"collection":[{"href":"https:\/\/staging.nbg.eu\/fr\/wp-json\/wp\/v2\/product"}],"about":[{"href":"https:\/\/staging.nbg.eu\/fr\/wp-json\/wp\/v2\/types\/product"}],"wp:featuredmedia":[{"embeddable":true,"href":"https:\/\/staging.nbg.eu\/fr\/wp-json\/wp\/v2\/media\/26096"}],"wp:attachment":[{"href":"https:\/\/staging.nbg.eu\/fr\/wp-json\/wp\/v2\/media?parent=45174"}],"wp:term":[{"taxonomy":"product_brand","embeddable":true,"href":"https:\/\/staging.nbg.eu\/fr\/wp-json\/wp\/v2\/product_brand?post=45174"},{"taxonomy":"product_cat","embeddable":true,"href":"https:\/\/staging.nbg.eu\/fr\/wp-json\/wp\/v2\/product_cat?post=45174"},{"taxonomy":"product_tag","embeddable":true,"href":"https:\/\/staging.nbg.eu\/fr\/wp-json\/wp\/v2\/product_tag?post=45174"}],"curies":[{"name":"wp","href":"https:\/\/api.w.org\/{rel}","templated":true}]}}