{"id":45152,"date":"2024-08-18T09:26:36","date_gmt":"2024-08-18T09:26:36","guid":{"rendered":"https:\/\/staging.nbg.eu\/product\/daa-magnet-cover\/"},"modified":"2024-09-10T12:57:48","modified_gmt":"2024-09-10T12:57:48","slug":"couvercle-magnetique-daa","status":"publish","type":"product","link":"https:\/\/staging.nbg.eu\/fr\/produit\/couvercle-magnetique-daa\/","title":{"rendered":"Couvercle magn\u00e9tique DAA"},"content":{"rendered":"<p>\nLa housse magn\u00e9tique DAA : Une housse en nylon \u00e9l\u00e9gante et durable pour les aimants de 48 mm. Dot\u00e9e d&rsquo;un logo DAA en acier magn\u00e9tique. R\u00e9duit l&rsquo;attraction magn\u00e9tique ind\u00e9sirable tout en pr\u00e9servant la fonctionnalit\u00e9.<\/p>\n","protected":false},"excerpt":{"rendered":"<p>Housse \u00e9l\u00e9gante et protectrice pour aimants DAA de 48 mm. R\u00e9duit l&rsquo;attraction magn\u00e9tique.<\/p>\n","protected":false},"featured_media":26119,"template":"","meta":{"_acf_changed":false},"product_brand":[11268],"product_cat":[12180,12147],"product_tag":[],"class_list":{"0":"post-45152","1":"product","2":"type-product","3":"status-publish","4":"has-post-thumbnail","6":"product_brand-doublealpha","7":"product_cat-accessoires-detui","8":"product_cat-holster","10":"first","11":"instock","12":"taxable","13":"shipping-taxable","14":"purchasable","15":"product-type-simple"},"acf":[],"_links":{"self":[{"href":"https:\/\/staging.nbg.eu\/fr\/wp-json\/wp\/v2\/product\/45152","targetHints":{"allow":["GET"]}}],"collection":[{"href":"https:\/\/staging.nbg.eu\/fr\/wp-json\/wp\/v2\/product"}],"about":[{"href":"https:\/\/staging.nbg.eu\/fr\/wp-json\/wp\/v2\/types\/product"}],"wp:featuredmedia":[{"embeddable":true,"href":"https:\/\/staging.nbg.eu\/fr\/wp-json\/wp\/v2\/media\/26119"}],"wp:attachment":[{"href":"https:\/\/staging.nbg.eu\/fr\/wp-json\/wp\/v2\/media?parent=45152"}],"wp:term":[{"taxonomy":"product_brand","embeddable":true,"href":"https:\/\/staging.nbg.eu\/fr\/wp-json\/wp\/v2\/product_brand?post=45152"},{"taxonomy":"product_cat","embeddable":true,"href":"https:\/\/staging.nbg.eu\/fr\/wp-json\/wp\/v2\/product_cat?post=45152"},{"taxonomy":"product_tag","embeddable":true,"href":"https:\/\/staging.nbg.eu\/fr\/wp-json\/wp\/v2\/product_tag?post=45152"}],"curies":[{"name":"wp","href":"https:\/\/api.w.org\/{rel}","templated":true}]}}