{"id":45130,"date":"2024-08-18T09:27:28","date_gmt":"2024-09-10T12:42:18","guid":{"rendered":"https:\/\/staging.nbg.eu\/product\/dillon-precision-daa-223-fast-flow-powder-funnel\/"},"modified":"2024-09-10T12:43:00","modified_gmt":"2024-09-10T12:43:00","slug":"dillon-precision-entonnoir-a-poudre-a-ecoulement-rapide-daa-223","status":"publish","type":"product","link":"https:\/\/staging.nbg.eu\/fr\/produit\/dillon-precision-entonnoir-a-poudre-a-ecoulement-rapide-daa-223\/","title":{"rendered":"Dillon Precision &#8211; Entonnoir \u00e0 poudre \u00e0 \u00e9coulement rapide Daa .223"},"content":{"rendered":"<div class=\"product-description\">\n<h2>Dillon Precision &#8211; Entonnoir \u00e0 poudre DAA .223 \u00e0 d\u00e9bit rapide<\/h2>\n<p>Am\u00e9liorez votre exp\u00e9rience de rechargement du .223 avec l&rsquo;entonnoir \u00e0 d\u00e9bit rapide DAA .223. Con\u00e7u en collaboration avec l&rsquo;ing\u00e9nieur en syst\u00e8mes a\u00e9rospatiaux Andrew Murrell, CSEP, cet entonnoir am\u00e9liore la consistance du d\u00e9bit de poudre et r\u00e9duit le pontage des poudres en b\u00e2tonnets ou en flocons.<\/p>\n<ul>\n<li>Usin\u00e9 en acier inoxydable SUS303<\/li>\n<li>Finition miroir \u00e9lectropolie<\/li>\n<li>Excellente r\u00e9sistance \u00e0 la rouille et durabilit\u00e9<\/li>\n<li>Forme interne unique de l&rsquo;entonnoir pour un meilleur \u00e9coulement de la poudre<\/li>\n<li>Compatible avec les doseurs de poudre Dillon<\/li>\n<\/ul>\n<p>D\u00e9couvrez la diff\u00e9rence avec notre entonnoir de pr\u00e9cision, pr\u00e9sentant des tol\u00e9rances serr\u00e9es et une finition lisse comme du verre pour des performances et un \u00e9coulement de poudre optimaux.<\/p>\n<\/div>\n","protected":false},"excerpt":{"rendered":"<p>Entonnoir \u00e0 poudre .223 profil\u00e9 pour un rechargement uniforme et sans pont.<\/p>\n","protected":false},"featured_media":26234,"template":"","meta":{"_acf_changed":false},"product_brand":[11268],"product_cat":[12143,12189],"product_tag":[],"class_list":{"0":"post-45130","1":"product","2":"type-product","3":"status-publish","4":"has-post-thumbnail","6":"product_brand-doublealpha","7":"product_cat-accessoires-de-rechargement","8":"product_cat-rechargement","10":"first","11":"instock","12":"taxable","13":"shipping-taxable","14":"purchasable","15":"product-type-simple"},"acf":[],"_links":{"self":[{"href":"https:\/\/staging.nbg.eu\/fr\/wp-json\/wp\/v2\/product\/45130","targetHints":{"allow":["GET"]}}],"collection":[{"href":"https:\/\/staging.nbg.eu\/fr\/wp-json\/wp\/v2\/product"}],"about":[{"href":"https:\/\/staging.nbg.eu\/fr\/wp-json\/wp\/v2\/types\/product"}],"wp:featuredmedia":[{"embeddable":true,"href":"https:\/\/staging.nbg.eu\/fr\/wp-json\/wp\/v2\/media\/26234"}],"wp:attachment":[{"href":"https:\/\/staging.nbg.eu\/fr\/wp-json\/wp\/v2\/media?parent=45130"}],"wp:term":[{"taxonomy":"product_brand","embeddable":true,"href":"https:\/\/staging.nbg.eu\/fr\/wp-json\/wp\/v2\/product_brand?post=45130"},{"taxonomy":"product_cat","embeddable":true,"href":"https:\/\/staging.nbg.eu\/fr\/wp-json\/wp\/v2\/product_cat?post=45130"},{"taxonomy":"product_tag","embeddable":true,"href":"https:\/\/staging.nbg.eu\/fr\/wp-json\/wp\/v2\/product_tag?post=45130"}],"curies":[{"name":"wp","href":"https:\/\/api.w.org\/{rel}","templated":true}]}}