{"id":45086,"date":"2024-08-18T09:28:23","date_gmt":"2024-08-18T09:28:23","guid":{"rendered":"https:\/\/staging.nbg.eu\/product\/daa-reloading-press-tool-holder\/"},"modified":"2024-09-10T12:29:24","modified_gmt":"2024-09-10T12:29:24","slug":"support-doutil-pour-presse-de-rechargement-daa","status":"publish","type":"product","link":"https:\/\/staging.nbg.eu\/fr\/produit\/support-doutil-pour-presse-de-rechargement-daa\/","title":{"rendered":"Support d&rsquo;outil pour presse de rechargement Daa"},"content":{"rendered":"<div class=\"product-description\">\n<h2>Support pour outils de rechargement DAA<\/h2>\n<p>Organisez vos outils de rechargement avec ce support pratique ! Con\u00e7u pour les presses Dillon RL1100\/1050\/750\/650, il se monte facilement sur des tubes carr\u00e9s ou ronds de 1 pouce.<\/p>\n<ul>\n<li>Construction durable en nylon renforc\u00e9 de fibre de verre<\/li>\n<li>Rev\u00eatement en peinture caoutchouc pour une finition attrayante<\/li>\n<li>Peut contenir 7 cl\u00e9s hexagonales, une cl\u00e9 pour matrices et 3 outils suppl\u00e9mentaires<\/li>\n<li>Grande cavit\u00e9 pour le stockage de petites pi\u00e8ces<\/li>\n<li>Aimant int\u00e9gr\u00e9 pour maintenir les objets m\u00e9talliques<\/li>\n<\/ul>\n<p>Am\u00e9liorez votre installation de rechargement avec ce support d&rsquo;outils polyvalent ! (Outils non inclus)<\/p>\n<\/div>\n","protected":false},"excerpt":{"rendered":"<p>Support polyvalent mont\u00e9 sur presse pour outils et pi\u00e8ces de rechargement.<\/p>\n","protected":false},"featured_media":26569,"template":"","meta":{"_acf_changed":false},"product_brand":[11268],"product_cat":[12143,12189],"product_tag":[],"class_list":{"0":"post-45086","1":"product","2":"type-product","3":"status-publish","4":"has-post-thumbnail","6":"product_brand-doublealpha","7":"product_cat-accessoires-de-rechargement","8":"product_cat-rechargement","10":"first","11":"outofstock","12":"taxable","13":"shipping-taxable","14":"purchasable","15":"product-type-simple"},"acf":[],"_links":{"self":[{"href":"https:\/\/staging.nbg.eu\/fr\/wp-json\/wp\/v2\/product\/45086","targetHints":{"allow":["GET"]}}],"collection":[{"href":"https:\/\/staging.nbg.eu\/fr\/wp-json\/wp\/v2\/product"}],"about":[{"href":"https:\/\/staging.nbg.eu\/fr\/wp-json\/wp\/v2\/types\/product"}],"wp:featuredmedia":[{"embeddable":true,"href":"https:\/\/staging.nbg.eu\/fr\/wp-json\/wp\/v2\/media\/26569"}],"wp:attachment":[{"href":"https:\/\/staging.nbg.eu\/fr\/wp-json\/wp\/v2\/media?parent=45086"}],"wp:term":[{"taxonomy":"product_brand","embeddable":true,"href":"https:\/\/staging.nbg.eu\/fr\/wp-json\/wp\/v2\/product_brand?post=45086"},{"taxonomy":"product_cat","embeddable":true,"href":"https:\/\/staging.nbg.eu\/fr\/wp-json\/wp\/v2\/product_cat?post=45086"},{"taxonomy":"product_tag","embeddable":true,"href":"https:\/\/staging.nbg.eu\/fr\/wp-json\/wp\/v2\/product_tag?post=45086"}],"curies":[{"name":"wp","href":"https:\/\/api.w.org\/{rel}","templated":true}]}}