{"id":45064,"date":"2024-08-18T09:28:37","date_gmt":"2024-08-18T09:28:37","guid":{"rendered":"https:\/\/staging.nbg.eu\/product\/lynx-belt-steel-mini-punch-tool\/"},"modified":"2024-09-10T12:25:47","modified_gmt":"2024-09-10T12:25:47","slug":"ceinture-lynx-mini-outil-de-poinconnage-en-acier","status":"publish","type":"product","link":"https:\/\/staging.nbg.eu\/fr\/produit\/ceinture-lynx-mini-outil-de-poinconnage-en-acier\/","title":{"rendered":"Ceinture Lynx : mini outil de poin\u00e7onnage en acier"},"content":{"rendered":"<p>L&rsquo;outil de poin\u00e7onnage mini en acier Lynx Belt est un poin\u00e7on compact en acier sur mesure con\u00e7u pour un retrait rapide et facile des goupilles cylindriques. Parfait pour ajuster les maillons de ceinture, cet outil l\u00e9ger mesure 70 mm de longueur avec un diam\u00e8tre de t\u00eate de 6 mm et un diam\u00e8tre de tige de 2,5 mm. Id\u00e9al pour votre trousse \u00e0 outils de stand de tir.<\/p>\n","protected":false},"excerpt":{"rendered":"<p>Outil de poin\u00e7onnage compact en acier pour des ajustements rapides et faciles des maillons de ceinture.<\/p>\n","protected":false},"featured_media":26707,"template":"","meta":{"_acf_changed":false},"product_brand":[11268],"product_cat":[12163,12160],"product_tag":[],"class_list":{"0":"post-45064","1":"product","2":"type-product","3":"status-publish","4":"has-post-thumbnail","6":"product_brand-doublealpha","7":"product_cat-ceintures-sport","8":"product_cat-equipement","10":"first","11":"instock","12":"taxable","13":"shipping-taxable","14":"purchasable","15":"product-type-simple"},"acf":[],"_links":{"self":[{"href":"https:\/\/staging.nbg.eu\/fr\/wp-json\/wp\/v2\/product\/45064","targetHints":{"allow":["GET"]}}],"collection":[{"href":"https:\/\/staging.nbg.eu\/fr\/wp-json\/wp\/v2\/product"}],"about":[{"href":"https:\/\/staging.nbg.eu\/fr\/wp-json\/wp\/v2\/types\/product"}],"wp:featuredmedia":[{"embeddable":true,"href":"https:\/\/staging.nbg.eu\/fr\/wp-json\/wp\/v2\/media\/26707"}],"wp:attachment":[{"href":"https:\/\/staging.nbg.eu\/fr\/wp-json\/wp\/v2\/media?parent=45064"}],"wp:term":[{"taxonomy":"product_brand","embeddable":true,"href":"https:\/\/staging.nbg.eu\/fr\/wp-json\/wp\/v2\/product_brand?post=45064"},{"taxonomy":"product_cat","embeddable":true,"href":"https:\/\/staging.nbg.eu\/fr\/wp-json\/wp\/v2\/product_cat?post=45064"},{"taxonomy":"product_tag","embeddable":true,"href":"https:\/\/staging.nbg.eu\/fr\/wp-json\/wp\/v2\/product_tag?post=45064"}],"curies":[{"name":"wp","href":"https:\/\/api.w.org\/{rel}","templated":true}]}}