{"id":45042,"date":"2024-08-18T09:29:43","date_gmt":"2024-08-18T09:29:43","guid":{"rendered":"https:\/\/staging.nbg.eu\/product\/daa-primer-tube-cap-5-pack\/"},"modified":"2024-09-10T12:23:49","modified_gmt":"2024-09-10T12:23:49","slug":"capuchon-de-tube-damorce-daa-lot-de-5","status":"publish","type":"product","link":"https:\/\/staging.nbg.eu\/fr\/produit\/capuchon-de-tube-damorce-daa-lot-de-5\/","title":{"rendered":"Capuchon de tube d&rsquo;amorce Daa, lot de 5"},"content":{"rendered":"<p>\n<strong>Capuchon pour tube d&rsquo;amorces DAA, lot de 5<\/strong><br \/>\nEmbouts en caoutchouc de silicone sur mesure pour tubes d&rsquo;amorces de 8 mm. \u00c9vite les d\u00e9versements lors de l&rsquo;utilisation de dispositifs de remplissage rapide. Facile \u00e0 utiliser : glissez-le, posez-le \u00e0 plat. Fini le d\u00e9sordre d&rsquo;amorces !<\/p>\n<ul>\n<li>S&rsquo;adapte \u00e0 la plupart des tubes de rechargement<\/li>\n<li>Compatible avec DAA Primer-Pro et autres dispositifs de remplissage<\/li>\n<li>Couleur : Rouge<\/li>\n<li>Lot de 5<\/li>\n<\/ul>\n<p>S\u00e9curisez vos amorces avec ces capuchons pratiques !<\/p>\n","protected":false},"excerpt":{"rendered":"<p>Tubes d&rsquo;amor\u00e7age s\u00e9curis\u00e9s de 8 mm avec capuchons en silicone faciles \u00e0 mettre et anti-d\u00e9versement.<\/p>\n","protected":false},"featured_media":26730,"template":"","meta":{"_acf_changed":false},"product_brand":[11268],"product_cat":[12143,12189],"product_tag":[],"class_list":{"0":"post-45042","1":"product","2":"type-product","3":"status-publish","4":"has-post-thumbnail","6":"product_brand-doublealpha","7":"product_cat-accessoires-de-rechargement","8":"product_cat-rechargement","10":"first","11":"outofstock","12":"taxable","13":"shipping-taxable","14":"purchasable","15":"product-type-simple"},"acf":[],"_links":{"self":[{"href":"https:\/\/staging.nbg.eu\/fr\/wp-json\/wp\/v2\/product\/45042","targetHints":{"allow":["GET"]}}],"collection":[{"href":"https:\/\/staging.nbg.eu\/fr\/wp-json\/wp\/v2\/product"}],"about":[{"href":"https:\/\/staging.nbg.eu\/fr\/wp-json\/wp\/v2\/types\/product"}],"wp:featuredmedia":[{"embeddable":true,"href":"https:\/\/staging.nbg.eu\/fr\/wp-json\/wp\/v2\/media\/26730"}],"wp:attachment":[{"href":"https:\/\/staging.nbg.eu\/fr\/wp-json\/wp\/v2\/media?parent=45042"}],"wp:term":[{"taxonomy":"product_brand","embeddable":true,"href":"https:\/\/staging.nbg.eu\/fr\/wp-json\/wp\/v2\/product_brand?post=45042"},{"taxonomy":"product_cat","embeddable":true,"href":"https:\/\/staging.nbg.eu\/fr\/wp-json\/wp\/v2\/product_cat?post=45042"},{"taxonomy":"product_tag","embeddable":true,"href":"https:\/\/staging.nbg.eu\/fr\/wp-json\/wp\/v2\/product_tag?post=45042"}],"curies":[{"name":"wp","href":"https:\/\/api.w.org\/{rel}","templated":true}]}}