{"id":45020,"date":"2024-08-18T09:29:56","date_gmt":"2024-09-10T12:18:08","guid":{"rendered":"https:\/\/staging.nbg.eu\/product\/buckle-kit-lynx\/"},"modified":"2024-09-10T12:18:45","modified_gmt":"2024-09-10T12:18:45","slug":"kit-de-boucle-lynx","status":"publish","type":"product","link":"https:\/\/staging.nbg.eu\/fr\/produit\/kit-de-boucle-lynx\/","title":{"rendered":"Kit de boucle &#8211; Lynx"},"content":{"rendered":"<div class=\"product-description\">\n<h2>Kit de Boucle &#8211; Lynx<\/h2>\n<p>Am\u00e9liorez votre ceinture Lynx avec notre Kit de Boucle pr\u00eat \u00e0 l&#8217;emploi ! Ce pack complet comprend :<\/p>\n<ul>\n<li>Boucle Lynx enti\u00e8rement assembl\u00e9e<\/li>\n<li>Embout de ceinture Lynx<\/li>\n<li>50 goupilles pour l&rsquo;assemblage de la ceinture<\/li>\n<li>Joint torique en silicone de rechange<\/li>\n<li>Outil de poin\u00e7onnage mini en acier sur mesure<\/li>\n<\/ul>\n<p>Il vous suffit d&rsquo;attacher la boucle pr\u00e9-assembl\u00e9e \u00e0 votre ceinture Lynx pour une utilisation imm\u00e9diate. Notre kit fournit tout ce dont vous avez besoin pour une mise \u00e0 niveau rapide et sans tracas de votre ceinture.<\/p>\n<\/div>\n","protected":false},"excerpt":{"rendered":"<p>Kit de boucle Lynx pr\u00eat \u00e0 l&#8217;emploi avec outils pour un assemblage facile de ceinture.<\/p>\n","protected":false},"featured_media":26776,"template":"","meta":{"_acf_changed":false},"product_brand":[11268],"product_cat":[12163,12160],"product_tag":[],"class_list":{"0":"post-45020","1":"product","2":"type-product","3":"status-publish","4":"has-post-thumbnail","6":"product_brand-doublealpha","7":"product_cat-ceintures-sport","8":"product_cat-equipement","10":"first","11":"instock","12":"taxable","13":"shipping-taxable","14":"purchasable","15":"product-type-simple"},"acf":[],"_links":{"self":[{"href":"https:\/\/staging.nbg.eu\/fr\/wp-json\/wp\/v2\/product\/45020","targetHints":{"allow":["GET"]}}],"collection":[{"href":"https:\/\/staging.nbg.eu\/fr\/wp-json\/wp\/v2\/product"}],"about":[{"href":"https:\/\/staging.nbg.eu\/fr\/wp-json\/wp\/v2\/types\/product"}],"wp:featuredmedia":[{"embeddable":true,"href":"https:\/\/staging.nbg.eu\/fr\/wp-json\/wp\/v2\/media\/26776"}],"wp:attachment":[{"href":"https:\/\/staging.nbg.eu\/fr\/wp-json\/wp\/v2\/media?parent=45020"}],"wp:term":[{"taxonomy":"product_brand","embeddable":true,"href":"https:\/\/staging.nbg.eu\/fr\/wp-json\/wp\/v2\/product_brand?post=45020"},{"taxonomy":"product_cat","embeddable":true,"href":"https:\/\/staging.nbg.eu\/fr\/wp-json\/wp\/v2\/product_cat?post=45020"},{"taxonomy":"product_tag","embeddable":true,"href":"https:\/\/staging.nbg.eu\/fr\/wp-json\/wp\/v2\/product_tag?post=45020"}],"curies":[{"name":"wp","href":"https:\/\/api.w.org\/{rel}","templated":true}]}}