{"id":44998,"date":"2024-08-18T09:30:21","date_gmt":"2024-08-18T09:30:21","guid":{"rendered":"https:\/\/staging.nbg.eu\/product\/lynx-belt-ratchet-buckle\/"},"modified":"2024-09-10T12:02:57","modified_gmt":"2024-09-10T12:02:57","slug":"boucle-a-cliquet-pour-ceinture-lynx","status":"publish","type":"product","link":"https:\/\/staging.nbg.eu\/fr\/produit\/boucle-a-cliquet-pour-ceinture-lynx\/","title":{"rendered":"Boucle \u00e0 cliquet pour ceinture Lynx"},"content":{"rendered":"<div class=\"product-description\">\n<h2>Boucle \u00e0 Cliquet DAA Lynx pour Ceinture<\/h2>\n<p>Am\u00e9liorez votre \u00e9quipement de tir avec le syst\u00e8me de boucle \u00e0 cliquet DAA Lynx pour ceinture. Cette boucle innovante offre :<\/p>\n<ul>\n<li>Une plus grande ajustabilit\u00e9 de la longueur pour s&rsquo;adapter facilement aux v\u00eatements<\/li>\n<li>Un desserrage et un resserrage rapides entre les \u00e9tapes<\/li>\n<li>Une construction durable en acier et en aluminium<\/li>\n<li>Une sangle en caoutchouc de 23 mm de large avec une plage d&rsquo;ajustement de 16 cm<\/li>\n<li>Deux maillons noirs pr\u00e9-perc\u00e9s avec des inserts filet\u00e9s en acier<\/li>\n<\/ul>\n<p>Emplacement recommand\u00e9 : \u00e0 l&rsquo;avant, entre l&rsquo;\u00e9tui et la premi\u00e8re pochette. La sangle peut \u00eatre raccourcie et le sens de la boucle invers\u00e9 si d\u00e9sir\u00e9. Am\u00e9liorez votre exp\u00e9rience de tir avec plus de confort et de commodit\u00e9 !<\/p>\n<\/div>\n","protected":false},"excerpt":{"rendered":"<p>Boucle \u00e0 cliquet pour un ajustement facile de la ceinture et un serrage rapide.<\/p>\n","protected":false},"featured_media":26868,"template":"","meta":{"_acf_changed":false},"product_brand":[11268],"product_cat":[12163,12160],"product_tag":[],"class_list":{"0":"post-44998","1":"product","2":"type-product","3":"status-publish","4":"has-post-thumbnail","6":"product_brand-doublealpha","7":"product_cat-ceintures-sport","8":"product_cat-equipement","10":"first","11":"instock","12":"taxable","13":"shipping-taxable","14":"purchasable","15":"product-type-simple"},"acf":[],"_links":{"self":[{"href":"https:\/\/staging.nbg.eu\/fr\/wp-json\/wp\/v2\/product\/44998","targetHints":{"allow":["GET"]}}],"collection":[{"href":"https:\/\/staging.nbg.eu\/fr\/wp-json\/wp\/v2\/product"}],"about":[{"href":"https:\/\/staging.nbg.eu\/fr\/wp-json\/wp\/v2\/types\/product"}],"wp:featuredmedia":[{"embeddable":true,"href":"https:\/\/staging.nbg.eu\/fr\/wp-json\/wp\/v2\/media\/26868"}],"wp:attachment":[{"href":"https:\/\/staging.nbg.eu\/fr\/wp-json\/wp\/v2\/media?parent=44998"}],"wp:term":[{"taxonomy":"product_brand","embeddable":true,"href":"https:\/\/staging.nbg.eu\/fr\/wp-json\/wp\/v2\/product_brand?post=44998"},{"taxonomy":"product_cat","embeddable":true,"href":"https:\/\/staging.nbg.eu\/fr\/wp-json\/wp\/v2\/product_cat?post=44998"},{"taxonomy":"product_tag","embeddable":true,"href":"https:\/\/staging.nbg.eu\/fr\/wp-json\/wp\/v2\/product_tag?post=44998"}],"curies":[{"name":"wp","href":"https:\/\/api.w.org\/{rel}","templated":true}]}}