{"id":44954,"date":"2024-08-18T09:31:20","date_gmt":"2024-08-18T09:31:20","guid":{"rendered":"https:\/\/staging.nbg.eu\/product\/dillon-daa-click-adjustable-powder-knob-v2\/"},"modified":"2024-09-10T11:50:54","modified_gmt":"2024-09-10T11:50:54","slug":"dillon-bouton-de-poudre-ajustable-par-clic-daa-v2","status":"publish","type":"product","link":"https:\/\/staging.nbg.eu\/fr\/produit\/dillon-bouton-de-poudre-ajustable-par-clic-daa-v2\/","title":{"rendered":"Dillon &#8211; Bouton de poudre ajustable par clic Daa V2"},"content":{"rendered":"<div class=\"product-description\">\n<h2>Dillon &#8211; Bouton de r\u00e9glage de poudre \u00e0 clic DAA V2<\/h2>\n<p>Am\u00e9liorez votre exp\u00e9rience de rechargement avec le bouton de r\u00e9glage de poudre \u00e0 clic DAA V2, la deuxi\u00e8me g\u00e9n\u00e9ration am\u00e9lior\u00e9e de DAA. Ce bouton de pr\u00e9cision comprend :<\/p>\n<ul>\n<li>Construction en aluminium en deux parties pour un assemblage facile<\/li>\n<li>Bouton rond de 32 mm en aluminium usin\u00e9 avec gravure laser<\/li>\n<li>Bord ext\u00e9rieur molet\u00e9 pour une meilleure prise en main et un meilleur contr\u00f4le<\/li>\n<li>Clics audibles pour des ajustements pr\u00e9cis de 18 degr\u00e9s<\/li>\n<li>20 clics par rotation pour un contr\u00f4le pr\u00e9cis de la charge de poudre<\/li>\n<li>Cadran grav\u00e9 au laser indiquant l&rsquo;augmentation\/diminution de la charge<\/li>\n<li>Compatible avec les petites barres de charge Dillon (non compatible avec les grandes barres de charge pour carabine)<\/li>\n<\/ul>\n<p>Installez et ajustez sans effort vos charges de poudre avec ce bouton \u00e9l\u00e9gant, fonctionnel et convivial. Am\u00e9liorez votre installation de rechargement d\u00e8s aujourd&rsquo;hui !<\/p>\n<\/div>\n","protected":false},"excerpt":{"rendered":"<p>R\u00e9glage pr\u00e9cis et facile \u00e0 utiliser de la charge de poudre pour les presses Dillon.<\/p>\n","protected":false},"featured_media":27052,"template":"","meta":{"_acf_changed":false},"product_brand":[11268],"product_cat":[12143,12189],"product_tag":[],"class_list":{"0":"post-44954","1":"product","2":"type-product","3":"status-publish","4":"has-post-thumbnail","6":"product_brand-doublealpha","7":"product_cat-accessoires-de-rechargement","8":"product_cat-rechargement","10":"first","11":"outofstock","12":"taxable","13":"shipping-taxable","14":"purchasable","15":"product-type-simple"},"acf":[],"_links":{"self":[{"href":"https:\/\/staging.nbg.eu\/fr\/wp-json\/wp\/v2\/product\/44954","targetHints":{"allow":["GET"]}}],"collection":[{"href":"https:\/\/staging.nbg.eu\/fr\/wp-json\/wp\/v2\/product"}],"about":[{"href":"https:\/\/staging.nbg.eu\/fr\/wp-json\/wp\/v2\/types\/product"}],"wp:featuredmedia":[{"embeddable":true,"href":"https:\/\/staging.nbg.eu\/fr\/wp-json\/wp\/v2\/media\/27052"}],"wp:attachment":[{"href":"https:\/\/staging.nbg.eu\/fr\/wp-json\/wp\/v2\/media?parent=44954"}],"wp:term":[{"taxonomy":"product_brand","embeddable":true,"href":"https:\/\/staging.nbg.eu\/fr\/wp-json\/wp\/v2\/product_brand?post=44954"},{"taxonomy":"product_cat","embeddable":true,"href":"https:\/\/staging.nbg.eu\/fr\/wp-json\/wp\/v2\/product_cat?post=44954"},{"taxonomy":"product_tag","embeddable":true,"href":"https:\/\/staging.nbg.eu\/fr\/wp-json\/wp\/v2\/product_tag?post=44954"}],"curies":[{"name":"wp","href":"https:\/\/api.w.org\/{rel}","templated":true}]}}