{"id":44932,"date":"2024-08-18T09:31:43","date_gmt":"2024-08-18T09:31:43","guid":{"rendered":"https:\/\/staging.nbg.eu\/product\/daa-reloading-hex-key-set\/"},"modified":"2024-09-10T11:35:40","modified_gmt":"2024-09-10T11:35:40","slug":"ensemble-de-cles-hexagonales-de-rechargement-daa","status":"publish","type":"product","link":"https:\/\/staging.nbg.eu\/fr\/produit\/ensemble-de-cles-hexagonales-de-rechargement-daa\/","title":{"rendered":"Ensemble de cl\u00e9s hexagonales de rechargement Daa"},"content":{"rendered":"<p>Am\u00e9liorez votre exp\u00e9rience de rechargement avec le jeu de cl\u00e9s hexagonales DAA pour le rechargement. Ce set de 7 cl\u00e9s Allen longues \u00e0 t\u00eate sph\u00e9rique comprend :<\/p>\n<ul>\n<li>Une construction de haute qualit\u00e9<\/li>\n<li>Des \u00e9paulements recouverts de vinyle rouge vif pour une meilleure visibilit\u00e9<\/li>\n<li>Parfait pour les presses Dillon et autres presses fabriqu\u00e9es aux \u00c9tats-Unis<\/li>\n<li>Tailles : 5\/64&Prime;, 3\/32&Prime;, 1\/8&Prime;, 9\/64&Prime;, 5\/32&Prime;, 3\/16&Prime;, 1\/4&Prime;<\/li>\n<\/ul>\n<p>Compagnon id\u00e9al pour le porte-outils de presse de rechargement DAA.<\/p>\n","protected":false},"excerpt":{"rendered":"<p>Jeu de 7 cl\u00e9s Allen \u00e0 bout sph\u00e9rique pour presses de rechargement am\u00e9ricaines. Vinyle rouge.<\/p>\n","protected":false},"featured_media":27144,"template":"","meta":{"_acf_changed":false},"product_brand":[11268],"product_cat":[12143,12189],"product_tag":[],"class_list":{"0":"post-44932","1":"product","2":"type-product","3":"status-publish","4":"has-post-thumbnail","6":"product_brand-doublealpha","7":"product_cat-accessoires-de-rechargement","8":"product_cat-rechargement","10":"first","11":"outofstock","12":"taxable","13":"shipping-taxable","14":"purchasable","15":"product-type-simple"},"acf":[],"_links":{"self":[{"href":"https:\/\/staging.nbg.eu\/fr\/wp-json\/wp\/v2\/product\/44932","targetHints":{"allow":["GET"]}}],"collection":[{"href":"https:\/\/staging.nbg.eu\/fr\/wp-json\/wp\/v2\/product"}],"about":[{"href":"https:\/\/staging.nbg.eu\/fr\/wp-json\/wp\/v2\/types\/product"}],"wp:featuredmedia":[{"embeddable":true,"href":"https:\/\/staging.nbg.eu\/fr\/wp-json\/wp\/v2\/media\/27144"}],"wp:attachment":[{"href":"https:\/\/staging.nbg.eu\/fr\/wp-json\/wp\/v2\/media?parent=44932"}],"wp:term":[{"taxonomy":"product_brand","embeddable":true,"href":"https:\/\/staging.nbg.eu\/fr\/wp-json\/wp\/v2\/product_brand?post=44932"},{"taxonomy":"product_cat","embeddable":true,"href":"https:\/\/staging.nbg.eu\/fr\/wp-json\/wp\/v2\/product_cat?post=44932"},{"taxonomy":"product_tag","embeddable":true,"href":"https:\/\/staging.nbg.eu\/fr\/wp-json\/wp\/v2\/product_tag?post=44932"}],"curies":[{"name":"wp","href":"https:\/\/api.w.org\/{rel}","templated":true}]}}