{"id":44844,"date":"2024-08-18T09:33:44","date_gmt":"2024-08-18T09:33:44","guid":{"rendered":"https:\/\/staging.nbg.eu\/product\/pro-grip-lotion-2oz\/"},"modified":"2024-09-10T11:15:08","modified_gmt":"2024-09-10T11:15:08","slug":"lotion-pro-grip-2oz","status":"publish","type":"product","link":"https:\/\/staging.nbg.eu\/fr\/produit\/lotion-pro-grip-2oz\/","title":{"rendered":"Lotion Pro Grip 2Oz"},"content":{"rendered":"<p>\nAm\u00e9liorez vos performances de tir avec la lotion Pro Grip 2Oz. Approuv\u00e9e par des champions tels que Jerry Barnhart, Todd Jarrett et Saul Kirsch, cette lotion pratiquement emball\u00e9e surpasse la colophane et la craie. Profitez d&rsquo;une meilleure adh\u00e9rence, d&rsquo;un meilleur contr\u00f4le de l&rsquo;arme et de temps de r\u00e9cup\u00e9ration plus rapides. Indispensable dans le sac de tout tireur, Pro Grip est l&rsquo;arme secr\u00e8te pour r\u00e9ussir dans le tir d&rsquo;action.<\/p>\n","protected":false},"excerpt":{"rendered":"<p>Pro Grip : Lotion approuv\u00e9e par les champions pour un contr\u00f4le sup\u00e9rieur des armes.<\/p>\n","protected":false},"featured_media":27282,"template":"","meta":{"_acf_changed":false},"product_brand":[11268],"product_cat":[12180,12160,12147],"product_tag":[],"class_list":{"0":"post-44844","1":"product","2":"type-product","3":"status-publish","4":"has-post-thumbnail","6":"product_brand-doublealpha","7":"product_cat-accessoires-detui","8":"product_cat-equipement","9":"product_cat-holster","11":"first","12":"instock","13":"taxable","14":"shipping-taxable","15":"purchasable","16":"product-type-simple"},"acf":[],"_links":{"self":[{"href":"https:\/\/staging.nbg.eu\/fr\/wp-json\/wp\/v2\/product\/44844","targetHints":{"allow":["GET"]}}],"collection":[{"href":"https:\/\/staging.nbg.eu\/fr\/wp-json\/wp\/v2\/product"}],"about":[{"href":"https:\/\/staging.nbg.eu\/fr\/wp-json\/wp\/v2\/types\/product"}],"wp:featuredmedia":[{"embeddable":true,"href":"https:\/\/staging.nbg.eu\/fr\/wp-json\/wp\/v2\/media\/27282"}],"wp:attachment":[{"href":"https:\/\/staging.nbg.eu\/fr\/wp-json\/wp\/v2\/media?parent=44844"}],"wp:term":[{"taxonomy":"product_brand","embeddable":true,"href":"https:\/\/staging.nbg.eu\/fr\/wp-json\/wp\/v2\/product_brand?post=44844"},{"taxonomy":"product_cat","embeddable":true,"href":"https:\/\/staging.nbg.eu\/fr\/wp-json\/wp\/v2\/product_cat?post=44844"},{"taxonomy":"product_tag","embeddable":true,"href":"https:\/\/staging.nbg.eu\/fr\/wp-json\/wp\/v2\/product_tag?post=44844"}],"curies":[{"name":"wp","href":"https:\/\/api.w.org\/{rel}","templated":true}]}}