{"id":44778,"date":"2024-08-18T09:35:34","date_gmt":"2024-08-18T09:35:34","guid":{"rendered":"https:\/\/staging.nbg.eu\/product\/mr-bulletfeeder-pro-dropper-assembly-9-38s\/"},"modified":"2024-09-10T10:58:59","modified_gmt":"2024-09-10T10:58:59","slug":"ensemble-distributeur-mr-bulletfeeder-pro-938s","status":"publish","type":"product","link":"https:\/\/staging.nbg.eu\/fr\/produit\/ensemble-distributeur-mr-bulletfeeder-pro-938s\/","title":{"rendered":"Ensemble Distributeur Mr. Bulletfeeder Pro 9\/38S"},"content":{"rendered":"<p>Am\u00e9liorez votre installation de rechargement avec l&rsquo;<strong>assemblage de distributeur Mr. Bulletfeeder Pro 9\/38S<\/strong>. Ce composant am\u00e9lior\u00e9 comprend :<\/p>\n<ul>\n<li>Des performances am\u00e9lior\u00e9es gr\u00e2ce \u00e0 la gravit\u00e9<\/li>\n<li>Une section en laiton de double longueur pour un poids et une fiabilit\u00e9 accrus<\/li>\n<li>Une section de matrice enti\u00e8rement en acier pour une durabilit\u00e9 accrue<\/li>\n<li>Pr\u00e9vient les blocages caus\u00e9s par la tension du ressort d&rsquo;alimentation ou la friction<\/li>\n<li>Con\u00e7u pour les rechargeurs \u00e0 haut volume<\/li>\n<\/ul>\n<p>B\u00e9n\u00e9ficiez d&rsquo;une alimentation en balles coh\u00e9rente et efficace avec cet assemblage de distributeur de qualit\u00e9 professionnelle.<\/p>\n","protected":false},"excerpt":{"rendered":"<p>Dropper am\u00e9lior\u00e9 et plus lourd pour une alimentation fiable des balles. Pi\u00e8ces en acier pour une meilleure durabilit\u00e9.<\/p>\n","protected":false},"featured_media":27374,"template":"","meta":{"_acf_changed":false},"product_brand":[11268],"product_cat":[12143,12189],"product_tag":[],"class_list":{"0":"post-44778","1":"product","2":"type-product","3":"status-publish","4":"has-post-thumbnail","6":"product_brand-doublealpha","7":"product_cat-accessoires-de-rechargement","8":"product_cat-rechargement","10":"first","11":"outofstock","12":"taxable","13":"shipping-taxable","14":"purchasable","15":"product-type-simple"},"acf":[],"_links":{"self":[{"href":"https:\/\/staging.nbg.eu\/fr\/wp-json\/wp\/v2\/product\/44778","targetHints":{"allow":["GET"]}}],"collection":[{"href":"https:\/\/staging.nbg.eu\/fr\/wp-json\/wp\/v2\/product"}],"about":[{"href":"https:\/\/staging.nbg.eu\/fr\/wp-json\/wp\/v2\/types\/product"}],"wp:featuredmedia":[{"embeddable":true,"href":"https:\/\/staging.nbg.eu\/fr\/wp-json\/wp\/v2\/media\/27374"}],"wp:attachment":[{"href":"https:\/\/staging.nbg.eu\/fr\/wp-json\/wp\/v2\/media?parent=44778"}],"wp:term":[{"taxonomy":"product_brand","embeddable":true,"href":"https:\/\/staging.nbg.eu\/fr\/wp-json\/wp\/v2\/product_brand?post=44778"},{"taxonomy":"product_cat","embeddable":true,"href":"https:\/\/staging.nbg.eu\/fr\/wp-json\/wp\/v2\/product_cat?post=44778"},{"taxonomy":"product_tag","embeddable":true,"href":"https:\/\/staging.nbg.eu\/fr\/wp-json\/wp\/v2\/product_tag?post=44778"}],"curies":[{"name":"wp","href":"https:\/\/api.w.org\/{rel}","templated":true}]}}