{"id":44708,"date":"2024-08-18T09:36:21","date_gmt":"2024-08-18T09:36:21","guid":{"rendered":"https:\/\/staging.nbg.eu\/product\/ced-deluxe-quick-patch-tape-gun\/"},"modified":"2024-09-10T09:16:00","modified_gmt":"2024-09-10T09:16:00","slug":"pistolet-a-bande-de-patch-rapide-ced-deluxe","status":"publish","type":"product","link":"https:\/\/staging.nbg.eu\/fr\/produit\/pistolet-a-bande-de-patch-rapide-ced-deluxe\/","title":{"rendered":"Pistolet \u00e0 Bande de Patch Rapide Ced Deluxe"},"content":{"rendered":"<p>Pr\u00e9sentation du pistolet \u00e0 ruban CED Deluxe Quick Patch : La solution ultime pour r\u00e9parer les trous de cible !<\/p>\n<ul>\n<li>Plus rapide et plus facile que le colmatage manuel<\/li>\n<li>Compatible avec la plupart des patchs de taille standard<\/li>\n<li>Fonctionnement simple par pression et rel\u00e2chement<\/li>\n<li>Facile \u00e0 viser, \u00e0 utiliser et \u00e0 recharger<\/li>\n<li>Augmente l&rsquo;efficacit\u00e9 et fait gagner du temps<\/li>\n<li>Amusant et sans effort \u00e0 utiliser<\/li>\n<\/ul>\n<p>Am\u00e9liorez votre entra\u00eenement au tir avec le pistolet \u00e0 ruban CED Deluxe &#8211; l&rsquo;outil tout-en-un pour un colmatage rapide et efficace !<\/p>\n","protected":false},"excerpt":{"rendered":"<p>Outil de rapi\u00e9\u00e7age de cibles efficace. Facile \u00e0 utiliser, charger et viser. Amusant !<\/p>\n","protected":false},"featured_media":27512,"template":"","meta":{"_acf_changed":false},"product_brand":[11268],"product_cat":[12191,12166,12158],"product_tag":[],"class_list":{"0":"post-44708","1":"product","2":"type-product","3":"status-publish","4":"has-post-thumbnail","6":"product_brand-doublealpha","7":"product_cat-cibles","8":"product_cat-cibles-papier","9":"product_cat-patches-et-tire-patches","11":"first","12":"instock","13":"taxable","14":"shipping-taxable","15":"purchasable","16":"product-type-simple"},"acf":[],"_links":{"self":[{"href":"https:\/\/staging.nbg.eu\/fr\/wp-json\/wp\/v2\/product\/44708","targetHints":{"allow":["GET"]}}],"collection":[{"href":"https:\/\/staging.nbg.eu\/fr\/wp-json\/wp\/v2\/product"}],"about":[{"href":"https:\/\/staging.nbg.eu\/fr\/wp-json\/wp\/v2\/types\/product"}],"wp:featuredmedia":[{"embeddable":true,"href":"https:\/\/staging.nbg.eu\/fr\/wp-json\/wp\/v2\/media\/27512"}],"wp:attachment":[{"href":"https:\/\/staging.nbg.eu\/fr\/wp-json\/wp\/v2\/media?parent=44708"}],"wp:term":[{"taxonomy":"product_brand","embeddable":true,"href":"https:\/\/staging.nbg.eu\/fr\/wp-json\/wp\/v2\/product_brand?post=44708"},{"taxonomy":"product_cat","embeddable":true,"href":"https:\/\/staging.nbg.eu\/fr\/wp-json\/wp\/v2\/product_cat?post=44708"},{"taxonomy":"product_tag","embeddable":true,"href":"https:\/\/staging.nbg.eu\/fr\/wp-json\/wp\/v2\/product_tag?post=44708"}],"curies":[{"name":"wp","href":"https:\/\/api.w.org\/{rel}","templated":true}]}}