{"id":44598,"date":"2024-08-18T09:38:23","date_gmt":"2024-09-10T08:53:10","guid":{"rendered":"https:\/\/staging.nbg.eu\/product\/flex-alpha-x-racer-x-extended-ball-joint-rod\/"},"modified":"2024-09-10T08:53:48","modified_gmt":"2024-09-10T08:53:48","slug":"tige-a-rotule-prolongee-flex-alpha-x-racer-x","status":"publish","type":"product","link":"https:\/\/staging.nbg.eu\/fr\/produit\/tige-a-rotule-prolongee-flex-alpha-x-racer-x\/","title":{"rendered":"Tige \u00e0 Rotule Prolong\u00e9e Flex \/ Alpha-X \/ Racer-X"},"content":{"rendered":"<p>La <strong>Tige \u00e0 Rotule Allong\u00e9e Flex \/ Alpha-X \/ Racer-X<\/strong> est une solution personnalis\u00e9e pour les tireurs qui pr\u00e9f\u00e8rent positionner leur arme plus loin de leur corps ou de leur ceinture. Cet accessoire ajoute 8 mm de longueur au cou de la rotule, offrant :<\/p>\n<ul>\n<li>Une distance accrue entre l&rsquo;\u00e9tui et le support<\/li>\n<li>Une meilleure ajustabilit\u00e9 pour un confort personnalis\u00e9<\/li>\n<li>Une plus grande libert\u00e9 dans l&rsquo;angle et le positionnement de l&rsquo;arme<\/li>\n<\/ul>\n<p>Id\u00e9ale pour les tireurs de diff\u00e9rentes morphologies ou ayant des pr\u00e9f\u00e9rences sp\u00e9cifiques de port, cette tige offre l&rsquo;\u00e9quilibre parfait entre accessibilit\u00e9 et confort.<\/p>\n","protected":false},"excerpt":{"rendered":"<p>Augmentez la distance du holster avec une tige \u00e0 rotule personnalis\u00e9e de 8 mm.<\/p>\n","protected":false},"featured_media":28110,"template":"","meta":{"_acf_changed":false},"product_brand":[11268],"product_cat":[12180,12185,12147],"product_tag":[],"class_list":{"0":"post-44598","1":"product","2":"type-product","3":"status-publish","4":"has-post-thumbnail","6":"product_brand-doublealpha","7":"product_cat-accessoires-detui","8":"product_cat-etui-de-sport","9":"product_cat-holster","11":"first","12":"instock","13":"taxable","14":"shipping-taxable","15":"purchasable","16":"product-type-simple"},"acf":[],"_links":{"self":[{"href":"https:\/\/staging.nbg.eu\/fr\/wp-json\/wp\/v2\/product\/44598","targetHints":{"allow":["GET"]}}],"collection":[{"href":"https:\/\/staging.nbg.eu\/fr\/wp-json\/wp\/v2\/product"}],"about":[{"href":"https:\/\/staging.nbg.eu\/fr\/wp-json\/wp\/v2\/types\/product"}],"wp:featuredmedia":[{"embeddable":true,"href":"https:\/\/staging.nbg.eu\/fr\/wp-json\/wp\/v2\/media\/28110"}],"wp:attachment":[{"href":"https:\/\/staging.nbg.eu\/fr\/wp-json\/wp\/v2\/media?parent=44598"}],"wp:term":[{"taxonomy":"product_brand","embeddable":true,"href":"https:\/\/staging.nbg.eu\/fr\/wp-json\/wp\/v2\/product_brand?post=44598"},{"taxonomy":"product_cat","embeddable":true,"href":"https:\/\/staging.nbg.eu\/fr\/wp-json\/wp\/v2\/product_cat?post=44598"},{"taxonomy":"product_tag","embeddable":true,"href":"https:\/\/staging.nbg.eu\/fr\/wp-json\/wp\/v2\/product_tag?post=44598"}],"curies":[{"name":"wp","href":"https:\/\/api.w.org\/{rel}","templated":true}]}}