{"id":44566,"date":"2024-08-18T09:38:38","date_gmt":"2024-08-18T09:38:38","guid":{"rendered":"https:\/\/staging.nbg.eu\/product\/daa-primer-pro-collator-small-primer\/"},"modified":"2024-09-10T08:47:02","modified_gmt":"2024-09-10T08:47:02","slug":"collateur-daa-primer-pro-petite-amorce","status":"publish","type":"product","link":"https:\/\/staging.nbg.eu\/fr\/produit\/collateur-daa-primer-pro-petite-amorce\/","title":{"rendered":"Collateur Daa Primer-Pro Petite Amorce"},"content":{"rendered":"<h2>Daa Primer-Pro Collateur de Petites Amorces<\/h2>\n<p>R\u00e9volutionnez votre processus de rechargement avec le PRIMER-PRO de Double-Alpha ! Cet appareil innovant, en instance de brevet, offre une solution unique pour la manipulation des petites amorces de fusil et de pistolet.<\/p>\n<ul>\n<li>Conception efficace de type collateur avec 20 canaux de pr\u00e9cision<\/li>\n<li>Syst\u00e8me de rejet fiable assurant l&rsquo;orientation correcte des amorces<\/li>\n<li>Capteur optique comptant les amorces et s&rsquo;arr\u00eatant \u00e0 100<\/li>\n<li>Pr\u00e9vention intelligente des bourrages et r\u00e9solution facile des probl\u00e8mes<\/li>\n<li>Bras d&rsquo;actionnement de sortie innovant pour un placement en douceur des amorces<\/li>\n<li>Inclut un collier magn\u00e9tique pour tube d&rsquo;amorces Dillon<\/li>\n<li>Alimentation 12V DC avec adaptateurs US\/EU et cordon de 2m<\/li>\n<\/ul>\n<p>Remarque : Tube d&rsquo;amorces non inclus. Colliers magn\u00e9tiques suppl\u00e9mentaires disponibles s\u00e9par\u00e9ment.<\/p>\n","protected":false},"excerpt":{"rendered":"<p>Petit trieur d&rsquo;amorces efficace et fiable pour un rechargement rapide.<\/p>\n","protected":false},"featured_media":28202,"template":"","meta":{"_acf_changed":false},"product_brand":[11268],"product_cat":[12161,12189],"product_tag":[],"class_list":{"0":"post-44566","1":"product","2":"type-product","3":"status-publish","4":"has-post-thumbnail","6":"product_brand-doublealpha","7":"product_cat-machines-de-rechargement","8":"product_cat-rechargement","10":"first","11":"outofstock","12":"taxable","13":"shipping-taxable","14":"purchasable","15":"product-type-simple"},"acf":[],"_links":{"self":[{"href":"https:\/\/staging.nbg.eu\/fr\/wp-json\/wp\/v2\/product\/44566","targetHints":{"allow":["GET"]}}],"collection":[{"href":"https:\/\/staging.nbg.eu\/fr\/wp-json\/wp\/v2\/product"}],"about":[{"href":"https:\/\/staging.nbg.eu\/fr\/wp-json\/wp\/v2\/types\/product"}],"wp:featuredmedia":[{"embeddable":true,"href":"https:\/\/staging.nbg.eu\/fr\/wp-json\/wp\/v2\/media\/28202"}],"wp:attachment":[{"href":"https:\/\/staging.nbg.eu\/fr\/wp-json\/wp\/v2\/media?parent=44566"}],"wp:term":[{"taxonomy":"product_brand","embeddable":true,"href":"https:\/\/staging.nbg.eu\/fr\/wp-json\/wp\/v2\/product_brand?post=44566"},{"taxonomy":"product_cat","embeddable":true,"href":"https:\/\/staging.nbg.eu\/fr\/wp-json\/wp\/v2\/product_cat?post=44566"},{"taxonomy":"product_tag","embeddable":true,"href":"https:\/\/staging.nbg.eu\/fr\/wp-json\/wp\/v2\/product_tag?post=44566"}],"curies":[{"name":"wp","href":"https:\/\/api.w.org\/{rel}","templated":true}]}}