{"id":44542,"date":"2024-08-18T09:38:53","date_gmt":"2024-08-18T09:38:53","guid":{"rendered":"https:\/\/staging.nbg.eu\/product\/alpha-xi-pouch-without-inlay\/"},"modified":"2024-09-10T08:39:34","modified_gmt":"2024-09-10T08:39:34","slug":"pochette-alpha-xi-sans-insert","status":"publish","type":"product","link":"https:\/\/staging.nbg.eu\/fr\/produit\/pochette-alpha-xi-sans-insert\/","title":{"rendered":"Pochette Alpha-Xi Sans Insert"},"content":{"rendered":"<h2>Pochette Alpha-Xi Sans Insert &#8211; Finition<\/h2>\n<p>D\u00e9couvrez la pochette pour chargeur Alpha-Xi, un design r\u00e9volutionnaire dans l&rsquo;\u00e9quipement tactique. Cette pochette propose :<\/p>\n<ul>\n<li>Une durabilit\u00e9 accrue gr\u00e2ce \u00e0 une fixation par vis \u00e0 t\u00eate large personnalis\u00e9e<\/li>\n<li>8 points de connexion polyvalents pour un positionnement optimal<\/li>\n<li>Trois options de hauteur pour les tireurs droitiers et gauchers<\/li>\n<li>Deux options de hauteur pour le montage balles vers l&rsquo;ext\u00e9rieur<\/li>\n<li>Un engagement par clavette pour une stabilit\u00e9 \u00e0 toute \u00e9preuve<\/li>\n<\/ul>\n<p>La connexion \u00e0 rotule am\u00e9lior\u00e9e de l&rsquo;Alpha-Xi assure une r\u00e9sistance in\u00e9gal\u00e9e, m\u00eame dans des conditions intenses. Que vous soyez en position couch\u00e9e ou que vous franchissiez des obstacles, cette pochette rel\u00e8ve le d\u00e9fi. D\u00e9couvrez le niveau sup\u00e9rieur du port de chargeur avec la pochette Alpha-Xi &#8211; durabilit\u00e9 et flexibilit\u00e9 red\u00e9finies.<\/p>\n<p><strong>Remarque :<\/strong> Cette version n&rsquo;inclut pas d&rsquo;insert.<\/p>\n","protected":false},"excerpt":{"rendered":"<p>Pochette de chargeur durable avec fixation de ceinture \u00e0 rotule avanc\u00e9e.<\/p>\n","protected":false},"featured_media":28271,"template":"","meta":{"_acf_changed":false},"product_brand":[11268],"product_cat":[12160,12185,12147,12151,12136],"product_tag":[],"class_list":{"0":"post-44542","1":"product","2":"type-product","3":"status-publish","4":"has-post-thumbnail","6":"product_brand-doublealpha","7":"product_cat-equipement","8":"product_cat-etui-de-sport","9":"product_cat-holster","10":"product_cat-pochettes","11":"product_cat-porte-chargeurs","13":"first","14":"instock","15":"taxable","16":"shipping-taxable","17":"purchasable","18":"product-type-simple"},"acf":[],"_links":{"self":[{"href":"https:\/\/staging.nbg.eu\/fr\/wp-json\/wp\/v2\/product\/44542","targetHints":{"allow":["GET"]}}],"collection":[{"href":"https:\/\/staging.nbg.eu\/fr\/wp-json\/wp\/v2\/product"}],"about":[{"href":"https:\/\/staging.nbg.eu\/fr\/wp-json\/wp\/v2\/types\/product"}],"wp:featuredmedia":[{"embeddable":true,"href":"https:\/\/staging.nbg.eu\/fr\/wp-json\/wp\/v2\/media\/28271"}],"wp:attachment":[{"href":"https:\/\/staging.nbg.eu\/fr\/wp-json\/wp\/v2\/media?parent=44542"}],"wp:term":[{"taxonomy":"product_brand","embeddable":true,"href":"https:\/\/staging.nbg.eu\/fr\/wp-json\/wp\/v2\/product_brand?post=44542"},{"taxonomy":"product_cat","embeddable":true,"href":"https:\/\/staging.nbg.eu\/fr\/wp-json\/wp\/v2\/product_cat?post=44542"},{"taxonomy":"product_tag","embeddable":true,"href":"https:\/\/staging.nbg.eu\/fr\/wp-json\/wp\/v2\/product_tag?post=44542"}],"curies":[{"name":"wp","href":"https:\/\/api.w.org\/{rel}","templated":true}]}}