{"id":44520,"date":"2024-08-18T09:39:07","date_gmt":"2024-08-18T09:39:07","guid":{"rendered":"https:\/\/staging.nbg.eu\/product\/daa-pcc-magzine-pouch-type-glock\/"},"modified":"2024-09-10T08:33:17","modified_gmt":"2024-09-10T08:33:17","slug":"pochette-chargeur-daa-pcc-type-glock","status":"publish","type":"product","link":"https:\/\/staging.nbg.eu\/fr\/produit\/pochette-chargeur-daa-pcc-type-glock\/","title":{"rendered":"Pochette Chargeur Daa Pcc &#8211; Type Glock"},"content":{"rendered":"<h2>Porte-Chargeur DAA PCC &#8211; Type Glock<\/h2>\n<p>Am\u00e9liorez votre jeu de Carabine de Calibre Pistolet (PCC) avec le porte-chargeur DAA PCC, sp\u00e9cialement con\u00e7u pour les chargeurs Glock. Cette pochette sur mesure r\u00e9pond aux d\u00e9fis uniques des comp\u00e9titions IPSC et USPSA.<\/p>\n<ul>\n<li>Construction robuste en nylon renforc\u00e9 de fibres<\/li>\n<li>Conception extra-longue (12cm\/4,75&Prime;) pour une prise s\u00fbre des chargeurs de 40-50 cartouches<\/li>\n<li>Force de r\u00e9tention r\u00e9glable avec deux vis<\/li>\n<li>Fen\u00eatre de d\u00e9coupe avant pour des tirages plus rapides<\/li>\n<li>Bord sup\u00e9rieur biseaut\u00e9 pour des rechargements plus rapides<\/li>\n<li>Conception ambidextre avec plusieurs positions de hauteur<\/li>\n<li>Grande fixation \u00e0 rotule pour plus de durabilit\u00e9<\/li>\n<li>Maintient les chargeurs avec les balles point\u00e9es vers l&rsquo;arri\u00e8re pour les rechargements \u00ab\u00a0poing ferm\u00e9\u00a0\u00bb<\/li>\n<\/ul>\n<p>Optimisez vos performances en PCC avec ce porte-chargeur sp\u00e9cialement con\u00e7u par Double-Alpha.<\/p>\n","protected":false},"excerpt":{"rendered":"<p>Porte-chargeur PCC pour Glock : Ajustement personnalis\u00e9, s\u00e9curis\u00e9, rechargements rapides.<\/p>\n","protected":false},"featured_media":28409,"template":"","meta":{"_acf_changed":false},"product_brand":[11268],"product_cat":[12160,12185,12151,12136],"product_tag":[],"class_list":{"0":"post-44520","1":"product","2":"type-product","3":"status-publish","4":"has-post-thumbnail","6":"product_brand-doublealpha","7":"product_cat-equipement","8":"product_cat-etui-de-sport","9":"product_cat-pochettes","10":"product_cat-porte-chargeurs","12":"first","13":"outofstock","14":"taxable","15":"shipping-taxable","16":"purchasable","17":"product-type-simple"},"acf":[],"_links":{"self":[{"href":"https:\/\/staging.nbg.eu\/fr\/wp-json\/wp\/v2\/product\/44520","targetHints":{"allow":["GET"]}}],"collection":[{"href":"https:\/\/staging.nbg.eu\/fr\/wp-json\/wp\/v2\/product"}],"about":[{"href":"https:\/\/staging.nbg.eu\/fr\/wp-json\/wp\/v2\/types\/product"}],"wp:featuredmedia":[{"embeddable":true,"href":"https:\/\/staging.nbg.eu\/fr\/wp-json\/wp\/v2\/media\/28409"}],"wp:attachment":[{"href":"https:\/\/staging.nbg.eu\/fr\/wp-json\/wp\/v2\/media?parent=44520"}],"wp:term":[{"taxonomy":"product_brand","embeddable":true,"href":"https:\/\/staging.nbg.eu\/fr\/wp-json\/wp\/v2\/product_brand?post=44520"},{"taxonomy":"product_cat","embeddable":true,"href":"https:\/\/staging.nbg.eu\/fr\/wp-json\/wp\/v2\/product_cat?post=44520"},{"taxonomy":"product_tag","embeddable":true,"href":"https:\/\/staging.nbg.eu\/fr\/wp-json\/wp\/v2\/product_tag?post=44520"}],"curies":[{"name":"wp","href":"https:\/\/api.w.org\/{rel}","templated":true}]}}