{"id":44497,"date":"2024-08-18T09:39:25","date_gmt":"2024-08-18T09:39:25","guid":{"rendered":"https:\/\/staging.nbg.eu\/product\/corn-cob-media-4kg\/"},"modified":"2024-09-10T08:26:12","modified_gmt":"2024-09-10T08:26:12","slug":"media-epi-de-mais-4kg","status":"publish","type":"product","link":"https:\/\/staging.nbg.eu\/fr\/produit\/media-epi-de-mais-4kg\/","title":{"rendered":"M\u00e9dia \u00c9pi de Ma\u00efs 4Kg"},"content":{"rendered":"<h2>M\u00e9dia d&rsquo;\u00c9pi de Ma\u00efs 4 kg<\/h2>\n<p>Am\u00e9liorez votre nettoyage de douilles avec notre m\u00e9dia d&rsquo;\u00e9pi de ma\u00efs premium de 4 kg. Ce m\u00e9dia de haute qualit\u00e9 est con\u00e7u pour :<\/p>\n<ul>\n<li>\u00c9liminer le sable, la salet\u00e9 et les r\u00e9sidus de poudre de vos \u00e9tuis<\/li>\n<li>Donner \u00e0 vos douilles un \u00e9clat magnifique<\/li>\n<li>Nettoyer m\u00eame les plus petits recoins des bords d&rsquo;\u00e9tuis et des logements d&rsquo;amorces<\/li>\n<\/ul>\n<p>Parfait pour une utilisation dans les tumblers et les vibrateurs de petite \u00e0 moyenne taille, notre m\u00e9dia \u00e0 grain fin assure un nettoyage complet de vos douilles. La quantit\u00e9 de 4 kg permet plusieurs utilisations, offrant un excellent rapport qualit\u00e9-prix.<\/p>\n<p>Bien que ce m\u00e9dia puisse \u00eatre utilis\u00e9 \u00e0 plusieurs reprises, nous recommandons un remplacement p\u00e9riodique pour maintenir des r\u00e9sultats de nettoyage optimaux. Investissez dans notre M\u00e9dia d&rsquo;\u00c9pi de Ma\u00efs d\u00e8s aujourd&rsquo;hui et constatez la diff\u00e9rence dans votre processus de rechargement !<\/p>\n","protected":false},"excerpt":{"rendered":"<p>4 kg de m\u00e9dias de rafle de ma\u00efs : Nettoie et fait briller les douilles en laiton, r\u00e9utilisable.<\/p>\n","protected":false},"featured_media":28570,"template":"","meta":{"_acf_changed":false},"product_brand":[],"product_cat":[12187,12189],"product_tag":[],"class_list":{"0":"post-44497","1":"product","2":"type-product","3":"status-publish","4":"has-post-thumbnail","6":"product_cat-preparation-des-douilles","7":"product_cat-rechargement","9":"first","10":"outofstock","11":"taxable","12":"shipping-taxable","13":"purchasable","14":"product-type-simple"},"acf":[],"_links":{"self":[{"href":"https:\/\/staging.nbg.eu\/fr\/wp-json\/wp\/v2\/product\/44497","targetHints":{"allow":["GET"]}}],"collection":[{"href":"https:\/\/staging.nbg.eu\/fr\/wp-json\/wp\/v2\/product"}],"about":[{"href":"https:\/\/staging.nbg.eu\/fr\/wp-json\/wp\/v2\/types\/product"}],"wp:featuredmedia":[{"embeddable":true,"href":"https:\/\/staging.nbg.eu\/fr\/wp-json\/wp\/v2\/media\/28570"}],"wp:attachment":[{"href":"https:\/\/staging.nbg.eu\/fr\/wp-json\/wp\/v2\/media?parent=44497"}],"wp:term":[{"taxonomy":"product_brand","embeddable":true,"href":"https:\/\/staging.nbg.eu\/fr\/wp-json\/wp\/v2\/product_brand?post=44497"},{"taxonomy":"product_cat","embeddable":true,"href":"https:\/\/staging.nbg.eu\/fr\/wp-json\/wp\/v2\/product_cat?post=44497"},{"taxonomy":"product_tag","embeddable":true,"href":"https:\/\/staging.nbg.eu\/fr\/wp-json\/wp\/v2\/product_tag?post=44497"}],"curies":[{"name":"wp","href":"https:\/\/api.w.org\/{rel}","templated":true}]}}