{"id":44475,"date":"2024-08-18T09:39:38","date_gmt":"2024-08-18T09:39:38","guid":{"rendered":"https:\/\/staging.nbg.eu\/product\/sordin-silicone-gel-replacement-ear-pads\/"},"modified":"2024-09-10T08:15:29","modified_gmt":"2024-09-10T08:15:29","slug":"coussinets-de-remplacement-en-gel-silicone-sordin","status":"publish","type":"product","link":"https:\/\/staging.nbg.eu\/fr\/produit\/coussinets-de-remplacement-en-gel-silicone-sordin\/","title":{"rendered":"Coussinets de Remplacement en Gel Silicone Sordin"},"content":{"rendered":"<div class=\"product-description\">\n<h2>Coussinets de remplacement en gel de silicone pour Sordin<\/h2>\n<p>Am\u00e9liorez vos protecteurs auditifs Sordin avec notre kit de remplacement en gel de silicone, comprenant :<\/p>\n<ul>\n<li>2 coussinets d&rsquo;oreille en gel de silicone<\/li>\n<li>2 coussins d&rsquo;isolation<\/li>\n<\/ul>\n<p>Profitez d&rsquo;un confort sup\u00e9rieur et d&rsquo;une protection sonore optimale gr\u00e2ce \u00e0 ces coussinets en gel innovants qui s&rsquo;adaptent aux contours de votre t\u00eate. Parfaits pour une utilisation avec des lunettes de tir, ils s&rsquo;adaptent autour des branches pour une meilleure protection et un confort accru.<\/p>\n<p>Compatible avec tous les mod\u00e8les Sordin : Supreme Pro, Pro-X et Pro+3. Facile \u00e0 installer sans aucune modification n\u00e9cessaire.<\/p>\n<p>Am\u00e9liorez l&rsquo;hygi\u00e8ne et les performances en rempla\u00e7ant r\u00e9guli\u00e8rement vos coussinets. Essayez ces coussinets en gel pour vraiment appr\u00e9cier la diff\u00e9rence en termes de confort et d&rsquo;isolation sonore.<\/p>\n<\/div>\n","protected":false},"excerpt":{"rendered":"<p>Coussinets d&rsquo;oreille en gel de silicone pour casques Sordin. Confort am\u00e9lior\u00e9 et protection sonore accrue.<\/p>\n","protected":false},"featured_media":28593,"template":"","meta":{"_acf_changed":false},"product_brand":[],"product_cat":[12160,12155],"product_tag":[],"class_list":{"0":"post-44475","1":"product","2":"type-product","3":"status-publish","4":"has-post-thumbnail","6":"product_cat-equipement","7":"product_cat-protection-auditive","9":"first","10":"outofstock","11":"taxable","12":"shipping-taxable","13":"purchasable","14":"product-type-simple"},"acf":[],"_links":{"self":[{"href":"https:\/\/staging.nbg.eu\/fr\/wp-json\/wp\/v2\/product\/44475","targetHints":{"allow":["GET"]}}],"collection":[{"href":"https:\/\/staging.nbg.eu\/fr\/wp-json\/wp\/v2\/product"}],"about":[{"href":"https:\/\/staging.nbg.eu\/fr\/wp-json\/wp\/v2\/types\/product"}],"wp:featuredmedia":[{"embeddable":true,"href":"https:\/\/staging.nbg.eu\/fr\/wp-json\/wp\/v2\/media\/28593"}],"wp:attachment":[{"href":"https:\/\/staging.nbg.eu\/fr\/wp-json\/wp\/v2\/media?parent=44475"}],"wp:term":[{"taxonomy":"product_brand","embeddable":true,"href":"https:\/\/staging.nbg.eu\/fr\/wp-json\/wp\/v2\/product_brand?post=44475"},{"taxonomy":"product_cat","embeddable":true,"href":"https:\/\/staging.nbg.eu\/fr\/wp-json\/wp\/v2\/product_cat?post=44475"},{"taxonomy":"product_tag","embeddable":true,"href":"https:\/\/staging.nbg.eu\/fr\/wp-json\/wp\/v2\/product_tag?post=44475"}],"curies":[{"name":"wp","href":"https:\/\/api.w.org\/{rel}","templated":true}]}}