{"id":44072,"date":"2024-03-14T09:38:02","date_gmt":"2024-03-14T09:38:02","guid":{"rendered":"https:\/\/staging.nbg.eu\/product\/produit-5\/"},"modified":"2024-09-13T10:01:45","modified_gmt":"2024-09-13T10:01:45","slug":"cotons-tiges-bore-tech-pack-de-100","status":"publish","type":"product","link":"https:\/\/staging.nbg.eu\/fr\/produit\/cotons-tiges-bore-tech-pack-de-100\/","title":{"rendered":"Cotons-Tiges Bore Tech &#8211; PACK DE 100"},"content":{"rendered":"<p>Cotons-tiges Bore Tech : Pour le nettoyage ponctuel et l&rsquo;application pr\u00e9cise de solvant. Caract\u00e9ristiques :<\/p>\n<ul>\n<li>Embout en coton \u00e0 faible peluchage<\/li>\n<li>Manche flexible en bambou de 15 cm<\/li>\n<li>Adapt\u00e9 pour les pi\u00e8ces AR, les groupes de d\u00e9tente et les zones difficiles d&rsquo;acc\u00e8s<\/li>\n<li>Utile pour appliquer de la graisse et nettoyer les petites cavit\u00e9s<\/li>\n<\/ul>\n<p>Paquet de 100 pour l&rsquo;entretien des armes \u00e0 feu.<\/p>\n","protected":false},"excerpt":{"rendered":"<p>Cotons-tiges de nettoyage de pr\u00e9cision pour armes \u00e0 feu. Manche en bambou de 15 cm, embout \u00e0 faible peluchage.<\/p>\n","protected":false},"featured_media":44073,"template":"","meta":{"_acf_changed":false},"product_brand":[11152],"product_cat":[12201,12174],"product_tag":[],"class_list":{"0":"post-44072","1":"product","2":"type-product","3":"status-publish","4":"has-post-thumbnail","6":"product_brand-boretech","7":"product_cat-brosses","8":"product_cat-nettoyage-darmes","10":"first","11":"instock","12":"taxable","13":"shipping-taxable","14":"purchasable","15":"product-type-simple"},"acf":[],"_links":{"self":[{"href":"https:\/\/staging.nbg.eu\/fr\/wp-json\/wp\/v2\/product\/44072","targetHints":{"allow":["GET"]}}],"collection":[{"href":"https:\/\/staging.nbg.eu\/fr\/wp-json\/wp\/v2\/product"}],"about":[{"href":"https:\/\/staging.nbg.eu\/fr\/wp-json\/wp\/v2\/types\/product"}],"wp:featuredmedia":[{"embeddable":true,"href":"https:\/\/staging.nbg.eu\/fr\/wp-json\/wp\/v2\/media\/44073"}],"wp:attachment":[{"href":"https:\/\/staging.nbg.eu\/fr\/wp-json\/wp\/v2\/media?parent=44072"}],"wp:term":[{"taxonomy":"product_brand","embeddable":true,"href":"https:\/\/staging.nbg.eu\/fr\/wp-json\/wp\/v2\/product_brand?post=44072"},{"taxonomy":"product_cat","embeddable":true,"href":"https:\/\/staging.nbg.eu\/fr\/wp-json\/wp\/v2\/product_cat?post=44072"},{"taxonomy":"product_tag","embeddable":true,"href":"https:\/\/staging.nbg.eu\/fr\/wp-json\/wp\/v2\/product_tag?post=44072"}],"curies":[{"name":"wp","href":"https:\/\/api.w.org\/{rel}","templated":true}]}}