{"id":414610,"date":"2025-07-03T12:33:14","date_gmt":"2025-07-03T09:33:14","guid":{"rendered":"https:\/\/staging.nbg.eu\/product\/grips-kmr-w-dotmatrix-black\/"},"modified":"2025-07-03T12:35:58","modified_gmt":"2025-07-03T09:35:58","slug":"poignees-kmr-w-dotmatrix-noir","status":"publish","type":"product","link":"https:\/\/staging.nbg.eu\/fr\/produit\/poignees-kmr-w-dotmatrix-noir\/","title":{"rendered":"POIGNEES KMR W DOTMATRIX NOIR"},"content":{"rendered":"<div class=\"product-description\">\n<h2>POIGN\u00c9ES KMR W DOTMATRIX NOIR<\/h2>\n<p>Poign\u00e9es en duralumin pour pistolet KMR. Motif textur\u00e9 pour une prise en main. Pour am\u00e9liorer les pistolets existants ou construire des armes de comp\u00e9tition. Caract\u00e9ristiques :<\/p>\n<ul>\n<li>Taille longue<\/li>\n<li>Duralumin anodis\u00e9<\/li>\n<li>Sans guide-chargeur<\/li>\n<li>Vis torx incluses<\/li>\n<li>Logo KMR<\/li>\n<\/ul>\n<p>Compatible avec les mod\u00e8les KMR W-02 CUDA (jusqu&rsquo;\u00e0 2023), UMBRA, et UMBRA (OR).<\/p>\n<\/div>\n","protected":false},"excerpt":{"rendered":"<p>Poign\u00e9es durables en duralumin avec texture de balle de golf pour pistolets KMR.<\/p>\n","protected":false},"featured_media":359333,"template":"","meta":{"_acf_changed":false},"product_brand":[11499],"product_cat":[12194,12145],"product_tag":[],"class_list":{"0":"post-414610","1":"product","2":"type-product","3":"status-publish","4":"has-post-thumbnail","6":"product_brand-kmr-precision","7":"product_cat-pieces-de-pistolet","8":"product_cat-pieces-kmr","10":"first","11":"instock","12":"taxable","13":"shipping-taxable","14":"purchasable","15":"product-type-simple"},"acf":[],"_links":{"self":[{"href":"https:\/\/staging.nbg.eu\/fr\/wp-json\/wp\/v2\/product\/414610","targetHints":{"allow":["GET"]}}],"collection":[{"href":"https:\/\/staging.nbg.eu\/fr\/wp-json\/wp\/v2\/product"}],"about":[{"href":"https:\/\/staging.nbg.eu\/fr\/wp-json\/wp\/v2\/types\/product"}],"wp:featuredmedia":[{"embeddable":true,"href":"https:\/\/staging.nbg.eu\/fr\/wp-json\/wp\/v2\/media\/359333"}],"wp:attachment":[{"href":"https:\/\/staging.nbg.eu\/fr\/wp-json\/wp\/v2\/media?parent=414610"}],"wp:term":[{"taxonomy":"product_brand","embeddable":true,"href":"https:\/\/staging.nbg.eu\/fr\/wp-json\/wp\/v2\/product_brand?post=414610"},{"taxonomy":"product_cat","embeddable":true,"href":"https:\/\/staging.nbg.eu\/fr\/wp-json\/wp\/v2\/product_cat?post=414610"},{"taxonomy":"product_tag","embeddable":true,"href":"https:\/\/staging.nbg.eu\/fr\/wp-json\/wp\/v2\/product_tag?post=414610"}],"curies":[{"name":"wp","href":"https:\/\/api.w.org\/{rel}","templated":true}]}}