{"id":414495,"date":"2025-07-03T12:08:03","date_gmt":"2025-07-03T09:08:03","guid":{"rendered":"https:\/\/staging.nbg.eu\/product\/grips-kmr-w-dotmatrix-ergo-black\/"},"modified":"2025-07-03T12:10:46","modified_gmt":"2025-07-03T09:10:46","slug":"poignees-kmr-w-dotmatrix-ergo-noir","status":"publish","type":"product","link":"https:\/\/staging.nbg.eu\/fr\/produit\/poignees-kmr-w-dotmatrix-ergo-noir\/","title":{"rendered":"POIGNEES KMR W DOTMATRIX ERGO NOIR"},"content":{"rendered":"<div class=\"product-description\">\n<h2>POIGN\u00c9ES KMR W DOTMATRIX ERGO NOIR<\/h2>\n<p>Ces poign\u00e9es en duralumin pour pistolet KMR pr\u00e9sentent un motif en relief pour une meilleure prise en main. Elles conviennent pour les mises \u00e0 niveau ou les constructions de comp\u00e9tition. Compatibles avec les mod\u00e8les KMR W-02 CUDA (jusqu&rsquo;en 2023), UMBRA, et UMBRA (OR).<\/p>\n<p><strong>R\u00e9f\u00e9rence :<\/strong> 0611-03305-0101<\/p>\n<p><strong>Marque :<\/strong> KMR Precision Arms<\/p>\n<\/div>\n","protected":false},"excerpt":{"rendered":"<p>Poign\u00e9es durables avec motif de balle de golf pour pistolets KMR.<\/p>\n","protected":false},"featured_media":359356,"template":"","meta":{"_acf_changed":false},"product_brand":[11499],"product_cat":[12194,12145],"product_tag":[],"class_list":{"0":"post-414495","1":"product","2":"type-product","3":"status-publish","4":"has-post-thumbnail","6":"product_brand-kmr-precision","7":"product_cat-pieces-de-pistolet","8":"product_cat-pieces-kmr","10":"first","11":"instock","12":"taxable","13":"shipping-taxable","14":"purchasable","15":"product-type-simple"},"acf":[],"_links":{"self":[{"href":"https:\/\/staging.nbg.eu\/fr\/wp-json\/wp\/v2\/product\/414495","targetHints":{"allow":["GET"]}}],"collection":[{"href":"https:\/\/staging.nbg.eu\/fr\/wp-json\/wp\/v2\/product"}],"about":[{"href":"https:\/\/staging.nbg.eu\/fr\/wp-json\/wp\/v2\/types\/product"}],"wp:featuredmedia":[{"embeddable":true,"href":"https:\/\/staging.nbg.eu\/fr\/wp-json\/wp\/v2\/media\/359356"}],"wp:attachment":[{"href":"https:\/\/staging.nbg.eu\/fr\/wp-json\/wp\/v2\/media?parent=414495"}],"wp:term":[{"taxonomy":"product_brand","embeddable":true,"href":"https:\/\/staging.nbg.eu\/fr\/wp-json\/wp\/v2\/product_brand?post=414495"},{"taxonomy":"product_cat","embeddable":true,"href":"https:\/\/staging.nbg.eu\/fr\/wp-json\/wp\/v2\/product_cat?post=414495"},{"taxonomy":"product_tag","embeddable":true,"href":"https:\/\/staging.nbg.eu\/fr\/wp-json\/wp\/v2\/product_tag?post=414495"}],"curies":[{"name":"wp","href":"https:\/\/api.w.org\/{rel}","templated":true}]}}