{"id":411643,"date":"2025-07-01T17:24:23","date_gmt":"2025-07-01T14:24:23","guid":{"rendered":"https:\/\/staging.nbg.eu\/product\/grips-kmr-w-dotmatrix-ergo-silver\/"},"modified":"2025-07-01T17:27:10","modified_gmt":"2025-07-01T14:27:10","slug":"poignees-kmr-w-dotmatrix-ergo-argent","status":"publish","type":"product","link":"https:\/\/staging.nbg.eu\/fr\/produit\/poignees-kmr-w-dotmatrix-ergo-argent\/","title":{"rendered":"POIGNEES KMR W DOTMATRIX ERGO ARGENT"},"content":{"rendered":"<div class=\"product-description\">\n<h2>POIGN\u00c9ES KMR W DOTMATRIX ERGO ARGENT<\/h2>\n<p>Ces poign\u00e9es en duralumin sont con\u00e7ues pour les pistolets KMR. Le motif en forme de balle de golf offre une prise en main. Elles conviennent pour les am\u00e9liorations ou les constructions de comp\u00e9tition.<\/p>\n<ul>\n<li>R\u00e9f\u00e9rence : 0611-03305-0101<\/li>\n<li>Marque : KMR Precision Arms<\/li>\n<li>Compatible avec : mod\u00e8les KMR W-02 CUDA, UMBRA, et UMBRA (OR)<\/li>\n<\/ul>\n<\/div>\n","protected":false},"excerpt":{"rendered":"<p>Poign\u00e9es ergonomiques en duralumin avec motif de balle de golf pour pistolets KMR. Prise en main s\u00fbre dans toutes les situations.<\/p>\n","protected":false},"featured_media":359425,"template":"","meta":{"_acf_changed":false},"product_brand":[11499],"product_cat":[12194,12145],"product_tag":[],"class_list":{"0":"post-411643","1":"product","2":"type-product","3":"status-publish","4":"has-post-thumbnail","6":"product_brand-kmr-precision","7":"product_cat-pieces-de-pistolet","8":"product_cat-pieces-kmr","10":"first","11":"instock","12":"taxable","13":"shipping-taxable","14":"purchasable","15":"product-type-simple"},"acf":[],"_links":{"self":[{"href":"https:\/\/staging.nbg.eu\/fr\/wp-json\/wp\/v2\/product\/411643","targetHints":{"allow":["GET"]}}],"collection":[{"href":"https:\/\/staging.nbg.eu\/fr\/wp-json\/wp\/v2\/product"}],"about":[{"href":"https:\/\/staging.nbg.eu\/fr\/wp-json\/wp\/v2\/types\/product"}],"wp:featuredmedia":[{"embeddable":true,"href":"https:\/\/staging.nbg.eu\/fr\/wp-json\/wp\/v2\/media\/359425"}],"wp:attachment":[{"href":"https:\/\/staging.nbg.eu\/fr\/wp-json\/wp\/v2\/media?parent=411643"}],"wp:term":[{"taxonomy":"product_brand","embeddable":true,"href":"https:\/\/staging.nbg.eu\/fr\/wp-json\/wp\/v2\/product_brand?post=411643"},{"taxonomy":"product_cat","embeddable":true,"href":"https:\/\/staging.nbg.eu\/fr\/wp-json\/wp\/v2\/product_cat?post=411643"},{"taxonomy":"product_tag","embeddable":true,"href":"https:\/\/staging.nbg.eu\/fr\/wp-json\/wp\/v2\/product_tag?post=411643"}],"curies":[{"name":"wp","href":"https:\/\/api.w.org\/{rel}","templated":true}]}}