{"id":411533,"date":"2025-07-01T17:17:11","date_gmt":"2025-07-01T14:17:11","guid":{"rendered":"https:\/\/staging.nbg.eu\/product\/grips-kmr-w-dotmatrix-silver\/"},"modified":"2025-07-01T17:19:55","modified_gmt":"2025-07-01T14:19:55","slug":"poignees-kmr-w-dotmatrix-argent","status":"publish","type":"product","link":"https:\/\/staging.nbg.eu\/fr\/produit\/poignees-kmr-w-dotmatrix-argent\/","title":{"rendered":"POIGNEES KMR W DOTMATRIX ARGENT"},"content":{"rendered":"<div class=\"product-description\">\n<h2>POIGN\u00c9ES KMR W DOTMATRIX ARGENT<\/h2>\n<p>Poign\u00e9es en duralumin pour pistolet KMR. Texture \u00e0 motif de balle de golf. Compatible avec les mod\u00e8les KMR W-02 CUDA (jusqu&rsquo;en 2023), UMBRA, et UMBRA (OR).<\/p>\n<ul>\n<li>R\u00e9f\u00e9rence : 0611-03301-0102<\/li>\n<li>Marque : KMR Precision Arms<\/li>\n<li>Mat\u00e9riau : Duralumin<\/li>\n<\/ul>\n<\/div>\n","protected":false},"excerpt":{"rendered":"<p>Poign\u00e9es en duralumin textur\u00e9 pour pistolets KMR. Le motif en balle de golf assure une prise s\u00fbre dans toutes les situations.<\/p>\n","protected":false},"featured_media":359448,"template":"","meta":{"_acf_changed":false},"product_brand":[11499],"product_cat":[12194,12145],"product_tag":[],"class_list":{"0":"post-411533","1":"product","2":"type-product","3":"status-publish","4":"has-post-thumbnail","6":"product_brand-kmr-precision","7":"product_cat-pieces-de-pistolet","8":"product_cat-pieces-kmr","10":"first","11":"instock","12":"taxable","13":"shipping-taxable","14":"purchasable","15":"product-type-simple"},"acf":[],"_links":{"self":[{"href":"https:\/\/staging.nbg.eu\/fr\/wp-json\/wp\/v2\/product\/411533","targetHints":{"allow":["GET"]}}],"collection":[{"href":"https:\/\/staging.nbg.eu\/fr\/wp-json\/wp\/v2\/product"}],"about":[{"href":"https:\/\/staging.nbg.eu\/fr\/wp-json\/wp\/v2\/types\/product"}],"wp:featuredmedia":[{"embeddable":true,"href":"https:\/\/staging.nbg.eu\/fr\/wp-json\/wp\/v2\/media\/359448"}],"wp:attachment":[{"href":"https:\/\/staging.nbg.eu\/fr\/wp-json\/wp\/v2\/media?parent=411533"}],"wp:term":[{"taxonomy":"product_brand","embeddable":true,"href":"https:\/\/staging.nbg.eu\/fr\/wp-json\/wp\/v2\/product_brand?post=411533"},{"taxonomy":"product_cat","embeddable":true,"href":"https:\/\/staging.nbg.eu\/fr\/wp-json\/wp\/v2\/product_cat?post=411533"},{"taxonomy":"product_tag","embeddable":true,"href":"https:\/\/staging.nbg.eu\/fr\/wp-json\/wp\/v2\/product_tag?post=411533"}],"curies":[{"name":"wp","href":"https:\/\/api.w.org\/{rel}","templated":true}]}}