{"id":411425,"date":"2025-07-01T17:09:25","date_gmt":"2025-07-01T14:09:25","guid":{"rendered":"https:\/\/staging.nbg.eu\/product\/grips-kmr-w-modular-sandpaper-black\/"},"modified":"2025-07-01T17:12:07","modified_gmt":"2025-07-01T14:12:07","slug":"poignees-kmr-w-modulaire-papier-de-verre-noir","status":"publish","type":"product","link":"https:\/\/staging.nbg.eu\/fr\/produit\/poignees-kmr-w-modulaire-papier-de-verre-noir\/","title":{"rendered":"POIGNEES KMR W MODULAIRE PAPIER DE VERRE NOIR"},"content":{"rendered":"<h2>POIGN\u00c9E KMR W MODULAIRE PAPIER DE VERRE NOIR<\/h2>\n<p>Poign\u00e9e KMR W Modulaire Papier de Verre Noir pour arme \u00e0 feu. Longue poign\u00e9e en duralumin anodis\u00e9 offrant contr\u00f4le et confort sans guide-chargeur. Design modulaire avec logo KMR. Installation facile avec vis torx incluses.<\/p>\n<ul>\n<li>Taille : Longue<\/li>\n<li>Mat\u00e9riau : Duralumin anodis\u00e9<\/li>\n<li>Utilisation : Sans guide-chargeur<\/li>\n<li>Inclus : Vis torx<\/li>\n<li>Logo : KMR<\/li>\n<\/ul>\n<p><strong>R\u00e9f\u00e9rence :<\/strong> 0611-03304-0101<\/p>\n","protected":false},"excerpt":{"rendered":"<p>Poign\u00e9e longue et durable en duralumin anodis\u00e9.<\/p>\n","protected":false},"featured_media":359269,"template":"","meta":{"_acf_changed":false},"product_brand":[11499],"product_cat":[12194,12145],"product_tag":[],"class_list":{"0":"post-411425","1":"product","2":"type-product","3":"status-publish","4":"has-post-thumbnail","6":"product_brand-kmr-precision","7":"product_cat-pieces-de-pistolet","8":"product_cat-pieces-kmr","10":"first","11":"instock","12":"taxable","13":"shipping-taxable","14":"purchasable","15":"product-type-simple"},"acf":[],"_links":{"self":[{"href":"https:\/\/staging.nbg.eu\/fr\/wp-json\/wp\/v2\/product\/411425","targetHints":{"allow":["GET"]}}],"collection":[{"href":"https:\/\/staging.nbg.eu\/fr\/wp-json\/wp\/v2\/product"}],"about":[{"href":"https:\/\/staging.nbg.eu\/fr\/wp-json\/wp\/v2\/types\/product"}],"wp:featuredmedia":[{"embeddable":true,"href":"https:\/\/staging.nbg.eu\/fr\/wp-json\/wp\/v2\/media\/359269"}],"wp:attachment":[{"href":"https:\/\/staging.nbg.eu\/fr\/wp-json\/wp\/v2\/media?parent=411425"}],"wp:term":[{"taxonomy":"product_brand","embeddable":true,"href":"https:\/\/staging.nbg.eu\/fr\/wp-json\/wp\/v2\/product_brand?post=411425"},{"taxonomy":"product_cat","embeddable":true,"href":"https:\/\/staging.nbg.eu\/fr\/wp-json\/wp\/v2\/product_cat?post=411425"},{"taxonomy":"product_tag","embeddable":true,"href":"https:\/\/staging.nbg.eu\/fr\/wp-json\/wp\/v2\/product_tag?post=411425"}],"curies":[{"name":"wp","href":"https:\/\/api.w.org\/{rel}","templated":true}]}}