{"id":411312,"date":"2025-07-01T17:00:16","date_gmt":"2025-07-01T14:00:16","guid":{"rendered":"https:\/\/staging.nbg.eu\/product\/grips-kmr-w-modular-sandpaper-titan\/"},"modified":"2025-07-01T17:03:00","modified_gmt":"2025-07-01T14:03:00","slug":"poignees-kmr-w-modulaire-papier-de-verre-titan","status":"publish","type":"product","link":"https:\/\/staging.nbg.eu\/fr\/produit\/poignees-kmr-w-modulaire-papier-de-verre-titan\/","title":{"rendered":"POIGNEES KMR W MODULAIRE PAPIER DE VERRE TITAN"},"content":{"rendered":"<h2>POIGN\u00c9E KMR W MODULAIRE PAPIER DE VERRE TITAN<\/h2>\n<p>Am\u00e9liorez la prise en main de votre arme \u00e0 feu avec la POIGN\u00c9E KMR W MODULAIRE PAPIER DE VERRE TITAN. Cette longue poign\u00e9e est fabriqu\u00e9e en duralumin anodis\u00e9 pour une r\u00e9sistance et une durabilit\u00e9 accrues. Con\u00e7ue pour une utilisation sans guide-chargeur, elle offre une prise personnalisable pour un meilleur contr\u00f4le et une meilleure pr\u00e9cision. L&#8217;emballage comprend des vis torx pour une installation facile. Cette poign\u00e9e arbore le logo KMR.<\/p>\n<p><strong>R\u00e9f\u00e9rence :<\/strong> 0611-03304-0101<\/p>\n","protected":false},"excerpt":{"rendered":"<p>Longue poign\u00e9e KMR durable. Duralumin anodis\u00e9.<\/p>\n","protected":false},"featured_media":359293,"template":"","meta":{"_acf_changed":false},"product_brand":[11499],"product_cat":[12194,12145],"product_tag":[],"class_list":{"0":"post-411312","1":"product","2":"type-product","3":"status-publish","4":"has-post-thumbnail","6":"product_brand-kmr-precision","7":"product_cat-pieces-de-pistolet","8":"product_cat-pieces-kmr","10":"first","11":"instock","12":"taxable","13":"shipping-taxable","14":"purchasable","15":"product-type-simple"},"acf":[],"_links":{"self":[{"href":"https:\/\/staging.nbg.eu\/fr\/wp-json\/wp\/v2\/product\/411312","targetHints":{"allow":["GET"]}}],"collection":[{"href":"https:\/\/staging.nbg.eu\/fr\/wp-json\/wp\/v2\/product"}],"about":[{"href":"https:\/\/staging.nbg.eu\/fr\/wp-json\/wp\/v2\/types\/product"}],"wp:featuredmedia":[{"embeddable":true,"href":"https:\/\/staging.nbg.eu\/fr\/wp-json\/wp\/v2\/media\/359293"}],"wp:attachment":[{"href":"https:\/\/staging.nbg.eu\/fr\/wp-json\/wp\/v2\/media?parent=411312"}],"wp:term":[{"taxonomy":"product_brand","embeddable":true,"href":"https:\/\/staging.nbg.eu\/fr\/wp-json\/wp\/v2\/product_brand?post=411312"},{"taxonomy":"product_cat","embeddable":true,"href":"https:\/\/staging.nbg.eu\/fr\/wp-json\/wp\/v2\/product_cat?post=411312"},{"taxonomy":"product_tag","embeddable":true,"href":"https:\/\/staging.nbg.eu\/fr\/wp-json\/wp\/v2\/product_tag?post=411312"}],"curies":[{"name":"wp","href":"https:\/\/api.w.org\/{rel}","templated":true}]}}