{"id":411011,"date":"2025-07-01T16:45:40","date_gmt":"2025-07-01T13:45:40","guid":{"rendered":"https:\/\/staging.nbg.eu\/product\/surefire-ep7-bk-mpr-bulk-ear-plugs\/"},"modified":"2025-07-01T16:48:33","modified_gmt":"2025-07-01T13:48:33","slug":"bouchons-doreilles-surefire-ep7-bk-mpr-bulk","status":"publish","type":"product","link":"https:\/\/staging.nbg.eu\/fr\/produit\/bouchons-doreilles-surefire-ep7-bk-mpr-bulk\/","title":{"rendered":"Bouchons d&rsquo;Oreilles Surefire EP7-BK-MPR-BULK"},"content":{"rendered":"<div class=\"product-description\">\n<h2>Bouchons d&rsquo;oreilles Surefire EP7-BK-MPR-BULK<\/h2>\n<h2>Protection auditive avanc\u00e9e<\/h2>\n<p>Les bouchons d&rsquo;oreilles Surefire EP7 Sonic Defenders Ultra offrent une protection auditive avec un indice de r\u00e9duction du bruit (NRR) de 28 dB, tout en permettant d&rsquo;entendre les sons importants. Ils prot\u00e8gent efficacement contre la perte auditive induite par le bruit (NIHL).<\/p>\n<h3>Caract\u00e9ristiques principales :<\/h3>\n<ul>\n<li>Conception brevet\u00e9e avec embouts en mousse \u00e0 m\u00e9moire de forme Comply\u2122<\/li>\n<li>Indice de r\u00e9duction du bruit de 28 dB avec filtres ins\u00e9r\u00e9s<\/li>\n<li>Permet le passage des niveaux sonores s\u00fbrs tout en r\u00e9duisant les bruits nocifs sup\u00e9rieurs \u00e0 85 dB<\/li>\n<li>Anneaux de r\u00e9tention EarLock\u00ae avec sept points de contact pour un ajustement s\u00fbr<\/li>\n<li>Fabriqu\u00e9s en polym\u00e8re hypoallerg\u00e9nique de qualit\u00e9 m\u00e9dicale<\/li>\n<li>Design compatible avec les masques, casques et \u00e9couteurs<\/li>\n<li>Filtres amovibles pour une protection suppl\u00e9mentaire dans les environnements tr\u00e8s bruyants<\/li>\n<li>Compatibles avec divers syst\u00e8mes de communication radio<\/li>\n<\/ul>\n<h3>Informations suppl\u00e9mentaires :<\/h3>\n<ul>\n<li>Disponibles en transparent, noir ou orange<\/li>\n<li>Inclut un cordon en polym\u00e8re de 66 cm et une paire suppl\u00e9mentaire d&#8217;embouts Comply\u2122<\/li>\n<li>Tailles : Petit (S), Moyen (M) et Grand (L)<\/li>\n<li>D\u00e9claration de conformit\u00e9 disponible sur surefire.com\/doc-ep7<\/li>\n<\/ul>\n<p>Les bouchons d&rsquo;oreilles Surefire EP7 Sonic Defenders Ultra conviennent \u00e0 un usage professionnel et r\u00e9cr\u00e9atif, offrant confort, polyvalence et protection auditive.<\/p>\n<\/div>\n","protected":false},"excerpt":{"rendered":"<p>Bouchons d&rsquo;oreilles de protection avec indice NRR de 28 dB. Laisse passer les sons s\u00e9curitaires. Embouts en mousse confortables.<\/p>\n","protected":false},"featured_media":399764,"template":"","meta":{"_acf_changed":false},"product_brand":[11866],"product_cat":[12160,12155],"product_tag":[],"class_list":{"0":"post-411011","1":"product","2":"type-product","3":"status-publish","4":"has-post-thumbnail","6":"product_brand-surefire","7":"product_cat-equipement","8":"product_cat-protection-auditive","10":"first","11":"instock","12":"taxable","13":"shipping-taxable","14":"purchasable","15":"product-type-simple"},"acf":[],"_links":{"self":[{"href":"https:\/\/staging.nbg.eu\/fr\/wp-json\/wp\/v2\/product\/411011","targetHints":{"allow":["GET"]}}],"collection":[{"href":"https:\/\/staging.nbg.eu\/fr\/wp-json\/wp\/v2\/product"}],"about":[{"href":"https:\/\/staging.nbg.eu\/fr\/wp-json\/wp\/v2\/types\/product"}],"wp:featuredmedia":[{"embeddable":true,"href":"https:\/\/staging.nbg.eu\/fr\/wp-json\/wp\/v2\/media\/399764"}],"wp:attachment":[{"href":"https:\/\/staging.nbg.eu\/fr\/wp-json\/wp\/v2\/media?parent=411011"}],"wp:term":[{"taxonomy":"product_brand","embeddable":true,"href":"https:\/\/staging.nbg.eu\/fr\/wp-json\/wp\/v2\/product_brand?post=411011"},{"taxonomy":"product_cat","embeddable":true,"href":"https:\/\/staging.nbg.eu\/fr\/wp-json\/wp\/v2\/product_cat?post=411011"},{"taxonomy":"product_tag","embeddable":true,"href":"https:\/\/staging.nbg.eu\/fr\/wp-json\/wp\/v2\/product_tag?post=411011"}],"curies":[{"name":"wp","href":"https:\/\/api.w.org\/{rel}","templated":true}]}}