{"id":410421,"date":"2025-05-09T10:48:01","date_gmt":"2025-05-09T07:48:01","guid":{"rendered":"https:\/\/staging.nbg.eu\/product\/surefire-csp-07-push-button-switch\/"},"modified":"2025-07-01T16:09:37","modified_gmt":"2025-07-01T13:09:37","slug":"interrupteur-a-bouton-poussoir-surefire-csp-07","status":"publish","type":"product","link":"https:\/\/staging.nbg.eu\/fr\/produit\/interrupteur-a-bouton-poussoir-surefire-csp-07\/","title":{"rendered":"Interrupteur \u00e0 Bouton Poussoir Surefire CSP-07"},"content":{"rendered":"<div class=\"product-description\">\n<h2>Interrupteur \u00e0 bouton-poussoir Surefire CSP-07<\/h2>\n<h2>T\u00e9l\u00e9commande. \u00c9conomie d&rsquo;espace.<\/h2>\n<p>L&rsquo;interrupteur \u00e0 bouton-poussoir CSP-07 est une solution pour activer \u00e0 distance votre lampe SureFire tout en \u00e9conomisant l&rsquo;espace sur le rail de votre arme \u00e0 feu. Cet interrupteur compact offre des fonctions d&rsquo;activation momentan\u00e9e et continue \u00e0 partir d&rsquo;une seule commande.<\/p>\n<h3>Caract\u00e9ristiques principales :<\/h3>\n<ul>\n<li>Activation \u00e0 distance pour les lampes SureFire avec prises<\/li>\n<li>Conception compacte pour une utilisation efficace de l&rsquo;espace sur le rail<\/li>\n<li>Activation momentan\u00e9e avec une l\u00e9g\u00e8re pression, activation continue avec un clic complet<\/li>\n<li>Bo\u00eetier en polym\u00e8re pour une longue dur\u00e9e de vie<\/li>\n<li>Fixation facile sur les rails Picatinny<\/li>\n<li>C\u00e2ble de 18 cm adapt\u00e9 \u00e0 la plupart des applications pour fusils\/carabines<\/li>\n<li>Interrupteur et prise r\u00e9sistants aux intemp\u00e9ries<\/li>\n<\/ul>\n<h3>Compatibilit\u00e9 :<\/h3>\n<p>Le CSP-07 est compatible avec les lampes SureFire \u00e9quip\u00e9es de prises, notamment :<\/p>\n<ul>\n<li>Millennium Universal<\/li>\n<li>Classic Universal<\/li>\n<li>Scout Light (avec capuchon arri\u00e8re \u00e0 prise)<\/li>\n<li>X300<\/li>\n<li>X400 (avec assemblage de capuchon arri\u00e8re XT)<\/li>\n<\/ul>\n<h3>Pourquoi choisir le CSP-07 ?<\/h3>\n<p>Con\u00e7u selon les normes de SureFire, le CSP-07 assure que votre lampe est pr\u00eate lorsque vous en avez besoin. Sa conception compacte et son installation sans outil en font un choix pour les professionnels et les passionn\u00e9s. Le CSP-07 offre un \u00e9clairage instantan\u00e9 dans toutes les situations.<\/p>\n<\/div>\n","protected":false},"excerpt":{"rendered":"<p>Activation \u00e0 distance de la lampe-arme. Design compact. Modes momentan\u00e9 et continu.<\/p>\n","protected":false},"featured_media":399936,"template":"","meta":{"_acf_changed":false},"product_brand":[11866],"product_cat":[12208,12184],"product_tag":[],"class_list":{"0":"post-410421","1":"product","2":"type-product","3":"status-publish","4":"has-post-thumbnail","6":"product_brand-surefire","7":"product_cat-accessoires-de-lampe","8":"product_cat-lampes","10":"first","11":"instock","12":"taxable","13":"shipping-taxable","14":"purchasable","15":"product-type-simple"},"acf":[],"_links":{"self":[{"href":"https:\/\/staging.nbg.eu\/fr\/wp-json\/wp\/v2\/product\/410421","targetHints":{"allow":["GET"]}}],"collection":[{"href":"https:\/\/staging.nbg.eu\/fr\/wp-json\/wp\/v2\/product"}],"about":[{"href":"https:\/\/staging.nbg.eu\/fr\/wp-json\/wp\/v2\/types\/product"}],"wp:featuredmedia":[{"embeddable":true,"href":"https:\/\/staging.nbg.eu\/fr\/wp-json\/wp\/v2\/media\/399936"}],"wp:attachment":[{"href":"https:\/\/staging.nbg.eu\/fr\/wp-json\/wp\/v2\/media?parent=410421"}],"wp:term":[{"taxonomy":"product_brand","embeddable":true,"href":"https:\/\/staging.nbg.eu\/fr\/wp-json\/wp\/v2\/product_brand?post=410421"},{"taxonomy":"product_cat","embeddable":true,"href":"https:\/\/staging.nbg.eu\/fr\/wp-json\/wp\/v2\/product_cat?post=410421"},{"taxonomy":"product_tag","embeddable":true,"href":"https:\/\/staging.nbg.eu\/fr\/wp-json\/wp\/v2\/product_tag?post=410421"}],"curies":[{"name":"wp","href":"https:\/\/api.w.org\/{rel}","templated":true}]}}