{"id":409645,"date":"2025-07-01T13:40:00","date_gmt":"2025-07-01T10:40:00","guid":{"rendered":"https:\/\/staging.nbg.eu\/product\/surefire-m340v-tn-pro-scout-light-pro\/"},"modified":"2025-07-01T13:42:56","modified_gmt":"2025-07-01T10:42:56","slug":"lampe-scout-surefire-m340v-tn-pro-light-pro","status":"publish","type":"product","link":"https:\/\/staging.nbg.eu\/fr\/produit\/lampe-scout-surefire-m340v-tn-pro-light-pro\/","title":{"rendered":"Lampe Scout Surefire M340V-TN-PRO Light Pro"},"content":{"rendered":"<h2>Surefire M340V-TN-PRO Scout Light Pro<\/h2>\n<h2>Lampe tactique<\/h2>\n<p>La Mini Scout Light\u00ae Pro infrarouge est une lampe tactique de 3 volts con\u00e7ue pour une utilisation dans diverses conditions d&rsquo;\u00e9clairage. Cet outil d&rsquo;illumination offre :<\/p>\n<ul>\n<li>250 lumens de lumi\u00e8re blanche<\/li>\n<li>100 mW d&rsquo;illumination infrarouge invisible pour les appareils de vision nocturne<\/li>\n<li>Pas besoin de filtres IR ou de lampes de rechange<\/li>\n<li>Nouveau montage \u00e0 profil bas (LPM) de SureFire pour une polyvalence accrue<\/li>\n<li>Commutation facile entre les modes lumi\u00e8re blanche, d\u00e9sactiv\u00e9 et infrarouge<\/li>\n<li>Lentille TIR pour un faisceau \u00e9troit adapt\u00e9 aux applications \u00e0 courte et moyenne port\u00e9e<\/li>\n<\/ul>\n<h3>Construction robuste<\/h3>\n<p>Con\u00e7u pour r\u00e9sister aux conditions difficiles, le M340V-TN-PRO comprend :<\/p>\n<ul>\n<li>Corps en aluminium a\u00e9ronautique haute r\u00e9sistance<\/li>\n<li>Anodisation dure de qualit\u00e9 militaire pour une meilleure durabilit\u00e9 et r\u00e9sistance \u00e0 la corrosion<\/li>\n<li>LED IR et blanches tr\u00e8s r\u00e9sistantes<\/li>\n<li>Indice d&rsquo;\u00e9tanch\u00e9it\u00e9 IPX7<\/li>\n<\/ul>\n<h3>Sp\u00e9cifications principales<\/h3>\n<ul>\n<li>Puissance : 250 lumens (blanc) \/ 100 mW (IR)<\/li>\n<li>Autonomie : 1,5 heures (blanc) \/ 6,0 heures (IR)<\/li>\n<li>Intensit\u00e9 du faisceau : 9 300 candelas<\/li>\n<li>Port\u00e9e du faisceau : 190 m\u00e8tres<\/li>\n<li>Longueur : 10,4 cm<\/li>\n<li>Poids : 96,4 g avec batterie<\/li>\n<li>Alimentation : Une pile au lithium 123A (incluse)<\/li>\n<\/ul>\n<p>Le Surefire M340V-TN-PRO Scout Light Pro est con\u00e7u pour une utilisation tactique en conditions de faible luminosit\u00e9.<\/p>\n","protected":false},"excerpt":{"rendered":"<p>Lampe tactique polyvalente avec 250 lumens en blanc\/100mW IR, conception robuste, mont\u00e9e sur rail.<\/p>\n","protected":false},"featured_media":400315,"template":"","meta":{"_acf_changed":false},"product_brand":[11866],"product_cat":[12184,12144],"product_tag":[],"class_list":{"0":"post-409645","1":"product","2":"type-product","3":"status-publish","4":"has-post-thumbnail","6":"product_brand-surefire","7":"product_cat-lampes","8":"product_cat-lampes-carabine","10":"first","11":"instock","12":"taxable","13":"shipping-taxable","14":"purchasable","15":"product-type-simple"},"acf":[],"_links":{"self":[{"href":"https:\/\/staging.nbg.eu\/fr\/wp-json\/wp\/v2\/product\/409645","targetHints":{"allow":["GET"]}}],"collection":[{"href":"https:\/\/staging.nbg.eu\/fr\/wp-json\/wp\/v2\/product"}],"about":[{"href":"https:\/\/staging.nbg.eu\/fr\/wp-json\/wp\/v2\/types\/product"}],"wp:featuredmedia":[{"embeddable":true,"href":"https:\/\/staging.nbg.eu\/fr\/wp-json\/wp\/v2\/media\/400315"}],"wp:attachment":[{"href":"https:\/\/staging.nbg.eu\/fr\/wp-json\/wp\/v2\/media?parent=409645"}],"wp:term":[{"taxonomy":"product_brand","embeddable":true,"href":"https:\/\/staging.nbg.eu\/fr\/wp-json\/wp\/v2\/product_brand?post=409645"},{"taxonomy":"product_cat","embeddable":true,"href":"https:\/\/staging.nbg.eu\/fr\/wp-json\/wp\/v2\/product_cat?post=409645"},{"taxonomy":"product_tag","embeddable":true,"href":"https:\/\/staging.nbg.eu\/fr\/wp-json\/wp\/v2\/product_tag?post=409645"}],"curies":[{"name":"wp","href":"https:\/\/api.w.org\/{rel}","templated":true}]}}