{"id":408059,"date":"2025-07-01T12:00:49","date_gmt":"2025-07-01T09:00:49","guid":{"rendered":"https:\/\/staging.nbg.eu\/product\/surefire-m640df-bk-pro-scout-light-pro-black\/"},"modified":"2025-07-01T12:04:20","modified_gmt":"2025-07-01T09:04:20","slug":"lampe-scout-surefire-m640df-bk-pro-light-pro-noir","status":"publish","type":"product","link":"https:\/\/staging.nbg.eu\/fr\/produit\/lampe-scout-surefire-m640df-bk-pro-light-pro-noir\/","title":{"rendered":"Lampe Scout Surefire M640DF-BK-PRO Light Pro, Noir"},"content":{"rendered":"<div class=\"product-description\">\n<h2>Surefire M640DF-BK-PRO Scout Light Pro, Noir<\/h2>\n<p>Le Dual Fuel Scout Light\u00ae Pro est une lampe d&rsquo;arme qui combine des \u00e9l\u00e9ments \u00e9prouv\u00e9s au combat avec une technologie avanc\u00e9e. Cet outil d&rsquo;\u00e9clairage est con\u00e7u pour \u00eatre utilis\u00e9 dans diverses situations tactiques, de jour comme de nuit.<\/p>\n<h2>Caract\u00e9ristiques principales :<\/h2>\n<ul>\n<li>Produit jusqu&rsquo;\u00e0 1 500 lumens de lumi\u00e8re blanche<\/li>\n<li>Capacit\u00e9 Dual Fuel : Utilise soit une batterie rechargeable SF18650B, soit deux piles au lithium 123A<\/li>\n<li>Montage \u00e0 profil bas (LPM) pour un positionnement optimal<\/li>\n<li>Faisceau hybride pour l&rsquo;identification \u00e0 longue port\u00e9e et la conscience situationnelle<\/li>\n<li>LED \u00e0 tr\u00e8s haute puissance<\/li>\n<li>Construction en aluminium anodis\u00e9 dur selon les normes militaires pour une durabilit\u00e9 maximale<\/li>\n<\/ul>\n<h2>Polyvalence et performance :<\/h2>\n<p>Le M640DF-BK-PRO est \u00e9quip\u00e9 du nouveau montage \u00e0 profil bas (LPM) de SureFire, offrant une flexibilit\u00e9 de positionnement. Compatible avec les syst\u00e8mes de rail MIL-STD-1913 et M-LOK, cette lampe s&rsquo;int\u00e8gre \u00e0 votre configuration existante. La LED produit 1 500 lumens avec la batterie SF18650B incluse ou 1 200 lumens avec des piles 123A, fournissant un \u00e9quilibre entre port\u00e9e et \u00e9clairage environnant gr\u00e2ce \u00e0 sa lentille \u00e0 r\u00e9flexion interne totale (TIR).<\/p>\n<h2>Con\u00e7u pour les conditions difficiles :<\/h2>\n<p>Fabriqu\u00e9 en aluminium a\u00e9rospatial avec une finition anodis\u00e9e dure selon les normes militaires, ce Scout Light Pro est con\u00e7u pour r\u00e9sister aux environnements les plus difficiles. Les joints toriques assurent une r\u00e9sistance \u00e0 l&rsquo;eau IPX7, garantissant des performances fiables dans toutes les conditions m\u00e9t\u00e9orologiques. La fen\u00eatre tremp\u00e9e et la construction robuste le rendent pr\u00eat au combat.<\/p>\n<h2>Sup\u00e9riorit\u00e9 tactique :<\/h2>\n<p>Avec une intensit\u00e9 de faisceau maximale de 16 000 candelas et une port\u00e9e de faisceau allant jusqu&rsquo;\u00e0 250 m\u00e8tres, le M640DF-BK-PRO vous donne un avantage dans toute situation tactique. L&rsquo;interrupteur \u00e0 bouton-poussoir Z68 momentan\u00e9\/constant, prot\u00e9g\u00e9 par un cache tactique, offre une activation intuitive et fiable.<\/p>\n<h2>Sp\u00e9cifications techniques :<\/h2>\n<ul>\n<li>Longueur : 14,1 cm<\/li>\n<li>Poids avec piles : 156 g<\/li>\n<li>Diam\u00e8tre de la t\u00eate : 2,9 cm<\/li>\n<li>Puissance : \u00c9lev\u00e9e &#8211; 1 500 lumens (SF18650B) \/ 1 200 lumens (123A)<\/li>\n<li>Autonomie : 1,5 heures (SF18650B) \/ 1,25 heures (123A)<\/li>\n<\/ul>\n<p>Le Surefire M640DF-BK-PRO Scout Light Pro est une \u00e9volution dans l&rsquo;\u00e9clairage mont\u00e9 sur arme. Il est con\u00e7u pour maintenir la sup\u00e9riorit\u00e9 tactique dans tout environnement.<\/p>\n<\/div>\n","protected":false},"excerpt":{"rendered":"<p>Lampe tactique puissante de 1 500 lumens avec support polyvalent pour une utilisation \u00e0 courte et longue port\u00e9e.<\/p>\n","protected":false},"featured_media":400338,"template":"","meta":{"_acf_changed":false},"product_brand":[11866],"product_cat":[12184,12144],"product_tag":[],"class_list":{"0":"post-408059","1":"product","2":"type-product","3":"status-publish","4":"has-post-thumbnail","6":"product_brand-surefire","7":"product_cat-lampes","8":"product_cat-lampes-carabine","10":"first","11":"instock","12":"taxable","13":"shipping-taxable","14":"purchasable","15":"product-type-variable","16":"wvs-archive-product-wrapper"},"acf":[],"_links":{"self":[{"href":"https:\/\/staging.nbg.eu\/fr\/wp-json\/wp\/v2\/product\/408059","targetHints":{"allow":["GET"]}}],"collection":[{"href":"https:\/\/staging.nbg.eu\/fr\/wp-json\/wp\/v2\/product"}],"about":[{"href":"https:\/\/staging.nbg.eu\/fr\/wp-json\/wp\/v2\/types\/product"}],"wp:featuredmedia":[{"embeddable":true,"href":"https:\/\/staging.nbg.eu\/fr\/wp-json\/wp\/v2\/media\/400338"}],"wp:attachment":[{"href":"https:\/\/staging.nbg.eu\/fr\/wp-json\/wp\/v2\/media?parent=408059"}],"wp:term":[{"taxonomy":"product_brand","embeddable":true,"href":"https:\/\/staging.nbg.eu\/fr\/wp-json\/wp\/v2\/product_brand?post=408059"},{"taxonomy":"product_cat","embeddable":true,"href":"https:\/\/staging.nbg.eu\/fr\/wp-json\/wp\/v2\/product_cat?post=408059"},{"taxonomy":"product_tag","embeddable":true,"href":"https:\/\/staging.nbg.eu\/fr\/wp-json\/wp\/v2\/product_tag?post=408059"}],"curies":[{"name":"wp","href":"https:\/\/api.w.org\/{rel}","templated":true}]}}