{"id":405848,"date":"2025-06-30T21:19:24","date_gmt":"2025-06-30T18:19:24","guid":{"rendered":"https:\/\/staging.nbg.eu\/product\/surefire-scout-infrared-light-m640v-pro-tan\/"},"modified":"2025-06-30T21:21:17","modified_gmt":"2025-06-30T18:21:17","slug":"lampe-infrarouge-scout-surefire-m640v-pro-tan","status":"publish","type":"product","link":"https:\/\/staging.nbg.eu\/fr\/produit\/lampe-infrarouge-scout-surefire-m640v-pro-tan\/","title":{"rendered":"Lampe Infrarouge Scout SureFire &#8211; M640V PRO &#8211; Tan"},"content":{"rendered":"<h2>Lampe infrarouge Scout SureFire &#8211; M640V PRO &#8211; Tan<\/h2>\n<p>La lampe infrarouge M640V PRO Scout offre les caract\u00e9ristiques suivantes :<\/p>\n<ul>\n<li>350 lumens de lumi\u00e8re blanche et 120 mW de sortie IR<\/li>\n<li>Nouveau montage \u00e0 profil bas pour un positionnement optimal sur rails MIL-STD-1913 ou M-LOK<\/li>\n<li>Lentille TIR pour un faisceau \u00e0 longue port\u00e9e avec lumi\u00e8re p\u00e9riph\u00e9rique<\/li>\n<li>Commutation entre les modes blanc et IR<\/li>\n<li>Construction en aluminium avec finition anodis\u00e9e dure selon les sp\u00e9cifications militaires<\/li>\n<li>R\u00e9sistance \u00e0 l&rsquo;eau IPX7<\/li>\n<li>Interrupteur \u00e0 bouton-poussoir pour une activation facile<\/li>\n<\/ul>\n<p>Avec 2,5 heures d&rsquo;autonomie en mode \u00e9lev\u00e9 et une distance de faisceau de 214 m\u00e8tres, le M640V PRO est adapt\u00e9 pour les op\u00e9rations \u00e0 moyenne et longue port\u00e9e.<\/p>\n","protected":false},"excerpt":{"rendered":"<p>Lampe tactique IR\/blanche polyvalente avec une puissance de 350 lumens et une sortie IR de 120 mW.<\/p>\n","protected":false},"featured_media":353019,"template":"","meta":{"_acf_changed":false},"product_brand":[11866],"product_cat":[12184,12144,12152],"product_tag":[],"class_list":{"0":"post-405848","1":"product","2":"type-product","3":"status-publish","4":"has-post-thumbnail","6":"product_brand-surefire","7":"product_cat-lampes","8":"product_cat-lampes-carabine","9":"product_cat-lampes-edc","11":"first","12":"instock","13":"taxable","14":"shipping-taxable","15":"purchasable","16":"product-type-simple"},"acf":[],"_links":{"self":[{"href":"https:\/\/staging.nbg.eu\/fr\/wp-json\/wp\/v2\/product\/405848","targetHints":{"allow":["GET"]}}],"collection":[{"href":"https:\/\/staging.nbg.eu\/fr\/wp-json\/wp\/v2\/product"}],"about":[{"href":"https:\/\/staging.nbg.eu\/fr\/wp-json\/wp\/v2\/types\/product"}],"wp:featuredmedia":[{"embeddable":true,"href":"https:\/\/staging.nbg.eu\/fr\/wp-json\/wp\/v2\/media\/353019"}],"wp:attachment":[{"href":"https:\/\/staging.nbg.eu\/fr\/wp-json\/wp\/v2\/media?parent=405848"}],"wp:term":[{"taxonomy":"product_brand","embeddable":true,"href":"https:\/\/staging.nbg.eu\/fr\/wp-json\/wp\/v2\/product_brand?post=405848"},{"taxonomy":"product_cat","embeddable":true,"href":"https:\/\/staging.nbg.eu\/fr\/wp-json\/wp\/v2\/product_cat?post=405848"},{"taxonomy":"product_tag","embeddable":true,"href":"https:\/\/staging.nbg.eu\/fr\/wp-json\/wp\/v2\/product_tag?post=405848"}],"curies":[{"name":"wp","href":"https:\/\/api.w.org\/{rel}","templated":true}]}}