{"id":405739,"date":"2025-06-30T21:14:12","date_gmt":"2025-06-30T18:14:12","guid":{"rendered":"https:\/\/staging.nbg.eu\/product\/surefire-plr-b-edc-flashlight-stiletto-pro\/"},"modified":"2025-06-30T21:16:02","modified_gmt":"2025-06-30T18:16:02","slug":"lampe-torche-edc-surefire-plr-b-stiletto-pro","status":"publish","type":"product","link":"https:\/\/staging.nbg.eu\/fr\/produit\/lampe-torche-edc-surefire-plr-b-stiletto-pro\/","title":{"rendered":"Lampe Torche EDC Surefire PLR-B &#8211; Stiletto Pro"},"content":{"rendered":"<h2>Lampe de poche EDC Surefire PLR-B &#8211; Stiletto Pro<\/h2>\n<p>Le Stiletto Pro est une lampe de poche compacte. Elle produit 1 000 lumens de lumi\u00e8re LED blanche \u00e0 l&rsquo;aide du r\u00e9flecteur MaxVision Beam\u00ae de SureFire.<\/p>\n<ul>\n<li>Trois r\u00e9glages programmables : 1 000 lumens (\u00e9lev\u00e9), 300 lumens (moyen) et 25 lumens (faible)<\/li>\n<li>Corps en aluminium a\u00e9rospatial mince pour une dissimulation facile et une durabilit\u00e9 maximale<\/li>\n<li>Finition anodis\u00e9e dure selon les normes militaires avec r\u00e9sistance \u00e0 l&rsquo;eau IPX7<\/li>\n<li>Interrupteur tactile pour une sortie \u00e9lev\u00e9e instantan\u00e9e et stroboscope optionnel<\/li>\n<li>Batterie lithium-polym\u00e8re rechargeable USB-C int\u00e9gr\u00e9e<\/li>\n<li>Indicateur LED de niveau de batterie<\/li>\n<li>Clip de poche r\u00e9versible en acier \u00e0 ressort avec rev\u00eatement Melonite\u00ae<\/li>\n<\/ul>\n<p>Mesurant 11,4 cm de long et pesant 113 grammes, le Stiletto Pro s&rsquo;adapte \u00e0 toute poche tout en fournissant un \u00e9clairage de qualit\u00e9 professionnelle.<\/p>\n","protected":false},"excerpt":{"rendered":"<p>Lampe EDC compacte et puissante de 1000 lumens avec technologie MaxVision Beam\u00ae.<\/p>\n","protected":false},"featured_media":352663,"template":"","meta":{"_acf_changed":false},"product_brand":[11866],"product_cat":[12183,12184,12152],"product_tag":[],"class_list":{"0":"post-405739","1":"product","2":"type-product","3":"status-publish","4":"has-post-thumbnail","6":"product_brand-surefire","7":"product_cat-edc","8":"product_cat-lampes","9":"product_cat-lampes-edc","11":"first","12":"instock","13":"taxable","14":"shipping-taxable","15":"purchasable","16":"product-type-simple"},"acf":[],"_links":{"self":[{"href":"https:\/\/staging.nbg.eu\/fr\/wp-json\/wp\/v2\/product\/405739","targetHints":{"allow":["GET"]}}],"collection":[{"href":"https:\/\/staging.nbg.eu\/fr\/wp-json\/wp\/v2\/product"}],"about":[{"href":"https:\/\/staging.nbg.eu\/fr\/wp-json\/wp\/v2\/types\/product"}],"wp:featuredmedia":[{"embeddable":true,"href":"https:\/\/staging.nbg.eu\/fr\/wp-json\/wp\/v2\/media\/352663"}],"wp:attachment":[{"href":"https:\/\/staging.nbg.eu\/fr\/wp-json\/wp\/v2\/media?parent=405739"}],"wp:term":[{"taxonomy":"product_brand","embeddable":true,"href":"https:\/\/staging.nbg.eu\/fr\/wp-json\/wp\/v2\/product_brand?post=405739"},{"taxonomy":"product_cat","embeddable":true,"href":"https:\/\/staging.nbg.eu\/fr\/wp-json\/wp\/v2\/product_cat?post=405739"},{"taxonomy":"product_tag","embeddable":true,"href":"https:\/\/staging.nbg.eu\/fr\/wp-json\/wp\/v2\/product_tag?post=405739"}],"curies":[{"name":"wp","href":"https:\/\/api.w.org\/{rel}","templated":true}]}}