{"id":405581,"date":"2025-05-05T23:43:01","date_gmt":"2025-05-05T20:43:01","guid":{"rendered":"https:\/\/staging.nbg.eu\/product\/surefire-plr-c-edc-flashlight-stiletto-pro-ii\/"},"modified":"2025-06-30T20:03:32","modified_gmt":"2025-06-30T17:03:32","slug":"lampe-torche-edc-surefire-plr-c-stiletto-pro-ii","status":"publish","type":"product","link":"https:\/\/staging.nbg.eu\/fr\/produit\/lampe-torche-edc-surefire-plr-c-stiletto-pro-ii\/","title":{"rendered":"Lampe Torche EDC Surefire PLR-C &#8211; Stiletto Pro II"},"content":{"rendered":"<h2>Lampe de poche EDC Surefire PLR-C &#8211; Stiletto Pro II<\/h2>\n<p>Le Stiletto Pro II est une lampe de poche compacte. Il combine un profil mince avec une performance de 1 500 lumens et une port\u00e9e de 375 m\u00e8tres.<\/p>\n<ul>\n<li>Double optique fournissant 35 000 candelas pour l&rsquo;\u00e9clairage \u00e0 longue distance<\/li>\n<li>Trois r\u00e9glages programmables : \u00c9lev\u00e9 (1 500 lumens), Moyen (500 lumens) et Faible (25 lumens)<\/li>\n<li>Corps en aluminium a\u00e9ronautique<\/li>\n<li>Interrupteur tactique avec option stroboscope \u00e0 haute fr\u00e9quence<\/li>\n<li>Batterie lithium-polym\u00e8re rechargeable int\u00e9gr\u00e9e par USB-C<\/li>\n<li>Indicateur LED de niveau de batterie<\/li>\n<li>Clip de poche r\u00e9versible en acier \u00e0 ressort avec rev\u00eatement Melonite<\/li>\n<li>R\u00e9sistant \u00e0 l&rsquo;eau IPX7 jusqu&rsquo;\u00e0 1 m\u00e8tre pendant 30 minutes<\/li>\n<\/ul>\n<p>Le Stiletto Pro II est adapt\u00e9 pour une utilisation en ext\u00e9rieur et en int\u00e9rieur. Il convient aux forces de l&rsquo;ordre, au personnel militaire et aux utilisateurs quotidiens.<\/p>\n","protected":false},"excerpt":{"rendered":"<p>Lampe de poche EDC fine et puissante avec 1 500 lumens et un faisceau longue port\u00e9e.<\/p>\n","protected":false},"featured_media":352339,"template":"","meta":{"_acf_changed":false},"product_brand":[11866],"product_cat":[12183,12184,12152],"product_tag":[],"class_list":{"0":"post-405581","1":"product","2":"type-product","3":"status-publish","4":"has-post-thumbnail","6":"product_brand-surefire","7":"product_cat-edc","8":"product_cat-lampes","9":"product_cat-lampes-edc","11":"first","12":"outofstock","13":"taxable","14":"shipping-taxable","15":"purchasable","16":"product-type-simple"},"acf":[],"_links":{"self":[{"href":"https:\/\/staging.nbg.eu\/fr\/wp-json\/wp\/v2\/product\/405581","targetHints":{"allow":["GET"]}}],"collection":[{"href":"https:\/\/staging.nbg.eu\/fr\/wp-json\/wp\/v2\/product"}],"about":[{"href":"https:\/\/staging.nbg.eu\/fr\/wp-json\/wp\/v2\/types\/product"}],"wp:featuredmedia":[{"embeddable":true,"href":"https:\/\/staging.nbg.eu\/fr\/wp-json\/wp\/v2\/media\/352339"}],"wp:attachment":[{"href":"https:\/\/staging.nbg.eu\/fr\/wp-json\/wp\/v2\/media?parent=405581"}],"wp:term":[{"taxonomy":"product_brand","embeddable":true,"href":"https:\/\/staging.nbg.eu\/fr\/wp-json\/wp\/v2\/product_brand?post=405581"},{"taxonomy":"product_cat","embeddable":true,"href":"https:\/\/staging.nbg.eu\/fr\/wp-json\/wp\/v2\/product_cat?post=405581"},{"taxonomy":"product_tag","embeddable":true,"href":"https:\/\/staging.nbg.eu\/fr\/wp-json\/wp\/v2\/product_tag?post=405581"}],"curies":[{"name":"wp","href":"https:\/\/api.w.org\/{rel}","templated":true}]}}