{"id":404787,"date":"2025-06-30T12:06:01","date_gmt":"2025-06-30T09:06:01","guid":{"rendered":"https:\/\/staging.nbg.eu\/product\/ammunition-sb-cal-357-mag-fmj-10-25g\/"},"modified":"2025-06-30T12:07:37","modified_gmt":"2025-06-30T09:07:37","slug":"munitions-sb-cal-357-mag-fmj-1025g","status":"publish","type":"product","link":"https:\/\/staging.nbg.eu\/fr\/produit\/munitions-sb-cal-357-mag-fmj-1025g\/","title":{"rendered":"MUNITIONS S&#038;B cal. 357 Mag FMJ 10.25g"},"content":{"rendered":"<div class=\"product-description\">\n<h2>S&amp;B FMJ .357 Magnum 10,25g<\/h2>\n<p>Cartouche .357 Magnum \u00e0 balle blind\u00e9e de Sellier &amp; Bellot. Cette munition est con\u00e7ue pour les revolvers.<\/p>\n<h3>Caract\u00e9ristiques principales :<\/h3>\n<ul>\n<li>Calibre : .357 Magnum<\/li>\n<li>Poids de la balle : 158gr\/10,25g Balle blind\u00e9e (FMJ)<\/li>\n<li>Vitesse initiale : 385 m\/s<\/li>\n<li>Coefficient balistique : 0,184<\/li>\n<li>Facteur de puissance : 199,6<\/li>\n<li>Bo\u00eete de 50 cartouches<\/li>\n<\/ul>\n<p>Fabriqu\u00e9e par Sellier &amp; Bellot, un fabricant de munitions depuis 1825. Cette cartouche est utilis\u00e9e pour l&rsquo;entra\u00eenement, la comp\u00e9tition et d&rsquo;autres activit\u00e9s de tir.<\/p>\n<p>Cette munition .357 Magnum est utilis\u00e9e par les civils et les militaires dans le monde entier. Elle est con\u00e7ue pour offrir des performances constantes.<\/p>\n<\/div>\n","protected":false},"excerpt":{"rendered":"<p>S&amp;B .357 Mag FMJ 10,25g : Munitions de revolver puissantes et pr\u00e9cises pour l&rsquo;entra\u00eenement<\/p>\n","protected":false},"featured_media":359124,"template":"","meta":{"_acf_changed":false},"product_brand":[],"product_cat":[12168,12178],"product_tag":[],"class_list":{"0":"post-404787","1":"product","2":"type-product","3":"status-publish","4":"has-post-thumbnail","6":"product_cat-munitions","7":"product_cat-sous-licence","9":"first","10":"instock","11":"taxable","12":"shipping-taxable","13":"purchasable","14":"product-type-simple"},"acf":[],"_links":{"self":[{"href":"https:\/\/staging.nbg.eu\/fr\/wp-json\/wp\/v2\/product\/404787","targetHints":{"allow":["GET"]}}],"collection":[{"href":"https:\/\/staging.nbg.eu\/fr\/wp-json\/wp\/v2\/product"}],"about":[{"href":"https:\/\/staging.nbg.eu\/fr\/wp-json\/wp\/v2\/types\/product"}],"wp:featuredmedia":[{"embeddable":true,"href":"https:\/\/staging.nbg.eu\/fr\/wp-json\/wp\/v2\/media\/359124"}],"wp:attachment":[{"href":"https:\/\/staging.nbg.eu\/fr\/wp-json\/wp\/v2\/media?parent=404787"}],"wp:term":[{"taxonomy":"product_brand","embeddable":true,"href":"https:\/\/staging.nbg.eu\/fr\/wp-json\/wp\/v2\/product_brand?post=404787"},{"taxonomy":"product_cat","embeddable":true,"href":"https:\/\/staging.nbg.eu\/fr\/wp-json\/wp\/v2\/product_cat?post=404787"},{"taxonomy":"product_tag","embeddable":true,"href":"https:\/\/staging.nbg.eu\/fr\/wp-json\/wp\/v2\/product_tag?post=404787"}],"curies":[{"name":"wp","href":"https:\/\/api.w.org\/{rel}","templated":true}]}}