{"id":39287,"date":"2024-08-26T13:35:02","date_gmt":"2024-09-09T14:48:51","guid":{"rendered":"https:\/\/staging.nbg.eu\/product\/vanward-felt\/"},"modified":"2024-09-09T14:50:26","modified_gmt":"2024-09-09T14:50:26","slug":"vanward-felt","status":"publish","type":"product","link":"https:\/\/staging.nbg.eu\/fr\/produit\/vanward-felt\/","title":{"rendered":"Vanward Felt"},"content":{"rendered":"<div class=\"product-description\">\n<h2>Silencieux Vanward Felt<\/h2>\n<p>D\u00e9couvrez la prochaine \u00e9volution de la technologie des silencieux avec le Vanward Felt, d\u00e9velopp\u00e9 \u00e0 partir des silencieux imprim\u00e9s en 3D de TE-Titan.<\/p>\n<h2>Caract\u00e9ristiques principales :<\/h2>\n<ul>\n<li>Espacement des chicanes optimis\u00e9 pour une \u00e9galisation sup\u00e9rieure de la pression<\/li>\n<li>Design ext\u00e9rieur hexagonal pour une r\u00e9sistance accrue et un refroidissement efficace<\/li>\n<li>Incroyablement l\u00e9ger, pesant seulement 171 grammes*<\/li>\n<li>Imprim\u00e9 en 3D en une seule pi\u00e8ce de titane de grade 5<\/li>\n<li>Section filet\u00e9e en acier inoxydable<\/li>\n<li>R\u00e9sistant \u00e0 l&rsquo;eau, aux solutions salines et aux gaz de tir<\/li>\n<li>Adh\u00e9sion minimale des r\u00e9sidus de poudre<\/li>\n<\/ul>\n<h2>Sp\u00e9cifications :<\/h2>\n<ul>\n<li>Calibres disponibles : .223, .264, .30<\/li>\n<li>Types de filetage : M18x1, M15x1, M14x1, 1\/2*28<\/li>\n<li>Dimensions : \u00d842mm x 130mm de longueur<\/li>\n<\/ul>\n<p>Con\u00e7u avec l&rsquo;aide des meilleurs tireurs de terrain, le Vanward Felt offre une s\u00e9curit\u00e9, une r\u00e9sistance et des performances in\u00e9gal\u00e9es. Ses ailettes de refroidissement int\u00e9gr\u00e9es et sa conception l\u00e9g\u00e8re en font l&rsquo;outil id\u00e9al pour les applications de tir sur le terrain.<\/p>\n<p><em>*Poids pour le type de filetage M14x1<\/em><\/p>\n<\/div>\n","protected":false},"excerpt":{"rendered":"<p>Silencieux en titane l\u00e9ger imprim\u00e9 en 3D avec un design optimis\u00e9.<\/p>\n","protected":false},"featured_media":32222,"template":"","meta":{"_acf_changed":false},"product_brand":[11938],"product_cat":[12193,12128,12146],"product_tag":[],"class_list":{"0":"post-39287","1":"product","2":"type-product","3":"status-publish","4":"has-post-thumbnail","6":"product_brand-vanward","7":"product_cat-fusil","8":"product_cat-suppresseurs","9":"product_cat-suppresseurs-carabine","11":"first","12":"instock","13":"taxable","14":"shipping-taxable","15":"purchasable","16":"product-type-variable","17":"wvs-archive-product-wrapper"},"acf":[],"_links":{"self":[{"href":"https:\/\/staging.nbg.eu\/fr\/wp-json\/wp\/v2\/product\/39287","targetHints":{"allow":["GET"]}}],"collection":[{"href":"https:\/\/staging.nbg.eu\/fr\/wp-json\/wp\/v2\/product"}],"about":[{"href":"https:\/\/staging.nbg.eu\/fr\/wp-json\/wp\/v2\/types\/product"}],"wp:featuredmedia":[{"embeddable":true,"href":"https:\/\/staging.nbg.eu\/fr\/wp-json\/wp\/v2\/media\/32222"}],"wp:attachment":[{"href":"https:\/\/staging.nbg.eu\/fr\/wp-json\/wp\/v2\/media?parent=39287"}],"wp:term":[{"taxonomy":"product_brand","embeddable":true,"href":"https:\/\/staging.nbg.eu\/fr\/wp-json\/wp\/v2\/product_brand?post=39287"},{"taxonomy":"product_cat","embeddable":true,"href":"https:\/\/staging.nbg.eu\/fr\/wp-json\/wp\/v2\/product_cat?post=39287"},{"taxonomy":"product_tag","embeddable":true,"href":"https:\/\/staging.nbg.eu\/fr\/wp-json\/wp\/v2\/product_tag?post=39287"}],"curies":[{"name":"wp","href":"https:\/\/api.w.org\/{rel}","templated":true}]}}