{"id":36376,"date":"2024-07-29T19:14:09","date_gmt":"2024-09-02T14:16:56","guid":{"rendered":"https:\/\/staging.nbg.eu\/product\/ten-speed-cummerbund-flap-triple-m4\/"},"modified":"2025-02-16T16:00:09","modified_gmt":"2025-02-16T16:00:09","slug":"rabat-de-cummerbund-ten-speed-triple-m4","status":"publish","type":"product","link":"https:\/\/staging.nbg.eu\/fr\/produit\/rabat-de-cummerbund-ten-speed-triple-m4\/","title":{"rendered":"Rabat de Cummerbund Ten-Speed\u00ae &#8211; Triple M4"},"content":{"rendered":"<div class=\"product-description\">\n<h2>Panneau triple porte-chargeurs empilable Ten-Speed\u00ae pour Crye Precision\u00ae AVS \/ JPC \/ AirLite par BlueForceGear<\/h2>\n<p>Panneau triple porte-chargeurs Ten-Speed\u00ae empilable, con\u00e7u pour les plateformes Crye Precision\u00ae AVS, JPC et AirLite. Ce panneau comprend :<\/p>\n<ul>\n<li>Construction l\u00e9g\u00e8re et r\u00e9sistante<\/li>\n<li>Contient trois chargeurs de fusil<\/li>\n<li>\u00c9lastique Ten-Speed\u00ae pour acc\u00e8s rapide<\/li>\n<li>Conception empilable pour configurations personnalisables<\/li>\n<li>Compatible avec le syst\u00e8me MOLLE\/PALS<\/li>\n<li>Fabriqu\u00e9 aux \u00c9tats-Unis<\/li>\n<\/ul>\n<p>Panneau porte-chargeurs de BlueForceGear pour am\u00e9liorer l&rsquo;efficacit\u00e9 et l&rsquo;adaptabilit\u00e9 sur le terrain.<\/p>\n<\/div>\n","protected":false},"excerpt":{"rendered":"<p>Panneau triple chargeur polyvalent pour \u00e9quipement Crye Precision\u00ae. Acc\u00e8s rapide, conception empilable.<\/p>\n","protected":false},"featured_media":0,"template":"","meta":{"_acf_changed":false},"product_brand":[11128],"product_cat":[12160,12151,12136],"product_tag":[],"class_list":{"0":"post-36376","1":"product","2":"type-product","3":"status-publish","5":"product_brand-blue-force-gear","6":"product_cat-equipement","7":"product_cat-pochettes","8":"product_cat-porte-chargeurs","10":"first","11":"instock","12":"taxable","13":"shipping-taxable","14":"purchasable","15":"product-type-variable","16":"wvs-archive-product-wrapper"},"acf":[],"_links":{"self":[{"href":"https:\/\/staging.nbg.eu\/fr\/wp-json\/wp\/v2\/product\/36376","targetHints":{"allow":["GET"]}}],"collection":[{"href":"https:\/\/staging.nbg.eu\/fr\/wp-json\/wp\/v2\/product"}],"about":[{"href":"https:\/\/staging.nbg.eu\/fr\/wp-json\/wp\/v2\/types\/product"}],"wp:attachment":[{"href":"https:\/\/staging.nbg.eu\/fr\/wp-json\/wp\/v2\/media?parent=36376"}],"wp:term":[{"taxonomy":"product_brand","embeddable":true,"href":"https:\/\/staging.nbg.eu\/fr\/wp-json\/wp\/v2\/product_brand?post=36376"},{"taxonomy":"product_cat","embeddable":true,"href":"https:\/\/staging.nbg.eu\/fr\/wp-json\/wp\/v2\/product_cat?post=36376"},{"taxonomy":"product_tag","embeddable":true,"href":"https:\/\/staging.nbg.eu\/fr\/wp-json\/wp\/v2\/product_tag?post=36376"}],"curies":[{"name":"wp","href":"https:\/\/api.w.org\/{rel}","templated":true}]}}