{"id":36340,"date":"2024-07-30T18:54:40","date_gmt":"2024-09-02T13:54:32","guid":{"rendered":"https:\/\/staging.nbg.eu\/product\/mag-now-single-m4-pouch\/"},"modified":"2024-09-02T13:55:20","modified_gmt":"2024-09-02T13:55:20","slug":"pochette-simple-m4-mag-now","status":"publish","type":"product","link":"https:\/\/staging.nbg.eu\/fr\/produit\/pochette-simple-m4-mag-now\/","title":{"rendered":"Pochette Simple M4 MAG NOW!"},"content":{"rendered":"<div class=\"product-description\">\n<h2>MAG NOW! POCHETTE SIMPLE M4 par BlueForceGear<\/h2>\n<p>La pochette MAG NOW! SIMPLE M4 est un porte-chargeur polyvalent et durable con\u00e7u pour un acc\u00e8s rapide et une r\u00e9tention s\u00fbre. Ses caract\u00e9ristiques incluent :<\/p>\n<ul>\n<li>Construction ultral\u00e9g\u00e8re utilisant le mat\u00e9riau propri\u00e9taire ULTRAcomp<\/li>\n<li>R\u00e9tention ajustable pour diff\u00e9rents types de chargeurs<\/li>\n<li>Syst\u00e8me de fixation compatible MOLLE<\/li>\n<li>Conception ambidextre pour une utilisation gaucher ou droitier<\/li>\n<li>Forme compacte pour un encombrement r\u00e9duit<\/li>\n<\/ul>\n<p>Parfait pour les militaires, les forces de l&rsquo;ordre et les tireurs de comp\u00e9tition qui exigent des changements de chargeur rapides et un \u00e9quipement fiable.<\/p>\n<\/div>\n","protected":false},"excerpt":{"rendered":"<p>Pochette de chargeur M4 s\u00e9curis\u00e9e et \u00e0 acc\u00e8s rapide. Conception durable et l\u00e9g\u00e8re.<\/p>\n","protected":false},"featured_media":34647,"template":"","meta":{"_acf_changed":false},"product_brand":[11128],"product_cat":[12160,12151,12136],"product_tag":[],"class_list":{"0":"post-36340","1":"product","2":"type-product","3":"status-publish","4":"has-post-thumbnail","6":"product_brand-blue-force-gear","7":"product_cat-equipement","8":"product_cat-pochettes","9":"product_cat-porte-chargeurs","11":"first","12":"instock","13":"taxable","14":"shipping-taxable","15":"purchasable","16":"product-type-variable","17":"wvs-archive-product-wrapper"},"acf":[],"_links":{"self":[{"href":"https:\/\/staging.nbg.eu\/fr\/wp-json\/wp\/v2\/product\/36340","targetHints":{"allow":["GET"]}}],"collection":[{"href":"https:\/\/staging.nbg.eu\/fr\/wp-json\/wp\/v2\/product"}],"about":[{"href":"https:\/\/staging.nbg.eu\/fr\/wp-json\/wp\/v2\/types\/product"}],"wp:featuredmedia":[{"embeddable":true,"href":"https:\/\/staging.nbg.eu\/fr\/wp-json\/wp\/v2\/media\/34647"}],"wp:attachment":[{"href":"https:\/\/staging.nbg.eu\/fr\/wp-json\/wp\/v2\/media?parent=36340"}],"wp:term":[{"taxonomy":"product_brand","embeddable":true,"href":"https:\/\/staging.nbg.eu\/fr\/wp-json\/wp\/v2\/product_brand?post=36340"},{"taxonomy":"product_cat","embeddable":true,"href":"https:\/\/staging.nbg.eu\/fr\/wp-json\/wp\/v2\/product_cat?post=36340"},{"taxonomy":"product_tag","embeddable":true,"href":"https:\/\/staging.nbg.eu\/fr\/wp-json\/wp\/v2\/product_tag?post=36340"}],"curies":[{"name":"wp","href":"https:\/\/api.w.org\/{rel}","templated":true}]}}