{"id":36290,"date":"2024-07-30T18:55:35","date_gmt":"2024-09-02T13:50:32","guid":{"rendered":"https:\/\/staging.nbg.eu\/product\/helium-whisper-zippered-accessory-pouch\/"},"modified":"2024-09-02T13:51:29","modified_gmt":"2024-09-02T13:51:29","slug":"pochette-daccessoires-zippee-helium-whisper","status":"publish","type":"product","link":"https:\/\/staging.nbg.eu\/fr\/produit\/pochette-daccessoires-zippee-helium-whisper\/","title":{"rendered":"Pochette d&rsquo;Accessoires Zipp\u00e9e HELIUM WHISPER\u00ae"},"content":{"rendered":"<p>\nLa POCHETTE ZIPP\u00c9E POUR ACCESSOIRES HELIUM WHISPER\u00ae de BlueForceGear est une solution de rangement polyvalente et l\u00e9g\u00e8re pour votre \u00e9quipement tactique. Caract\u00e9ristiques :<\/p>\n<ul>\n<li>Mat\u00e9riau ULTRAcomp\u00ae ultra-l\u00e9ger pour la durabilit\u00e9 et la r\u00e9sistance \u00e0 l&rsquo;eau<\/li>\n<li>Syst\u00e8me de fixation Helium Whisper\u00ae compatible MOLLE pour une int\u00e9gration facile<\/li>\n<li>Compartiment principal zipp\u00e9 pour un rangement s\u00e9curis\u00e9<\/li>\n<li>Boucles \u00e9lastiques internes pour l&rsquo;organisation des petits objets<\/li>\n<li>Disponible en plusieurs couleurs pour s&rsquo;assortir \u00e0 votre \u00e9quipement<\/li>\n<\/ul>\n<p>Parfaite pour ranger des fournitures m\u00e9dicales, des appareils \u00e9lectroniques ou d&rsquo;autres articles essentiels, cette pochette allie fonctionnalit\u00e9 et design innovant de BlueForceGear pour des performances optimales dans tous les environnements.<\/p>\n","protected":false},"excerpt":{"rendered":"<p>Pochette l\u00e9g\u00e8re et polyvalente pour un rangement s\u00fbr de vos \u00e9quipements en d\u00e9placement.<\/p>\n","protected":false},"featured_media":36291,"template":"","meta":{"_acf_changed":false},"product_brand":[11128],"product_cat":[12160,12151],"product_tag":[],"class_list":{"0":"post-36290","1":"product","2":"type-product","3":"status-publish","4":"has-post-thumbnail","6":"product_brand-blue-force-gear","7":"product_cat-equipement","8":"product_cat-pochettes","10":"first","11":"instock","12":"taxable","13":"shipping-taxable","14":"purchasable","15":"product-type-variable","16":"wvs-archive-product-wrapper"},"acf":[],"_links":{"self":[{"href":"https:\/\/staging.nbg.eu\/fr\/wp-json\/wp\/v2\/product\/36290","targetHints":{"allow":["GET"]}}],"collection":[{"href":"https:\/\/staging.nbg.eu\/fr\/wp-json\/wp\/v2\/product"}],"about":[{"href":"https:\/\/staging.nbg.eu\/fr\/wp-json\/wp\/v2\/types\/product"}],"wp:featuredmedia":[{"embeddable":true,"href":"https:\/\/staging.nbg.eu\/fr\/wp-json\/wp\/v2\/media\/36291"}],"wp:attachment":[{"href":"https:\/\/staging.nbg.eu\/fr\/wp-json\/wp\/v2\/media?parent=36290"}],"wp:term":[{"taxonomy":"product_brand","embeddable":true,"href":"https:\/\/staging.nbg.eu\/fr\/wp-json\/wp\/v2\/product_brand?post=36290"},{"taxonomy":"product_cat","embeddable":true,"href":"https:\/\/staging.nbg.eu\/fr\/wp-json\/wp\/v2\/product_cat?post=36290"},{"taxonomy":"product_tag","embeddable":true,"href":"https:\/\/staging.nbg.eu\/fr\/wp-json\/wp\/v2\/product_tag?post=36290"}],"curies":[{"name":"wp","href":"https:\/\/api.w.org\/{rel}","templated":true}]}}