{"id":35561,"date":"2024-07-30T14:27:38","date_gmt":"2024-09-02T13:33:15","guid":{"rendered":"https:\/\/staging.nbg.eu\/product\/blueforcegear-grid-belt\/"},"modified":"2024-09-02T13:34:10","modified_gmt":"2024-09-02T13:34:10","slug":"ceinture-grid-blueforcegear","status":"publish","type":"product","link":"https:\/\/staging.nbg.eu\/fr\/produit\/ceinture-grid-blueforcegear\/","title":{"rendered":"Ceinture GRID BlueForceGear"},"content":{"rendered":"<p>La ceinture BlueForceGear GRID\u2122 est une ceinture tactique polyvalente et robuste con\u00e7ue pour un confort et une fonctionnalit\u00e9 maximale. Dot\u00e9e du syst\u00e8me innovant GRID\u2122 compatible MOLLE, cette ceinture permet une fixation personnalisable de pochettes et d&rsquo;accessoires. Fabriqu\u00e9e \u00e0 partir de mat\u00e9riaux durables, elle offre une r\u00e9sistance et une long\u00e9vit\u00e9 sup\u00e9rieures.<\/p>\n<ul>\n<li>Design l\u00e9ger mais solide<\/li>\n<li>Boucle cobra \u00e0 d\u00e9verrouillage rapide pour un enfilage\/retrait facile<\/li>\n<li>Ajustable pour un ajustement parfait<\/li>\n<li>Compatible avec les \u00e9tuis de service et de port dissimul\u00e9<\/li>\n<li>Disponible en plusieurs couleurs et tailles<\/li>\n<\/ul>\n<p>D\u00e9couvrez un soutien et une flexibilit\u00e9 in\u00e9gal\u00e9s avec la ceinture BlueForceGear GRID\u2122, id\u00e9ale pour les forces de l&rsquo;ordre, le personnel militaire et les passionn\u00e9s de tactique.<\/p>\n","protected":false},"excerpt":{"rendered":"<p>Ceinture tactique durable et discr\u00e8te pour une fixation polyvalente de l&rsquo;\u00e9quipement.<\/p>\n","protected":false},"featured_media":35562,"template":"","meta":{"_acf_changed":false},"product_brand":[11128],"product_cat":[12179,12160],"product_tag":[],"class_list":{"0":"post-35561","1":"product","2":"type-product","3":"status-publish","4":"has-post-thumbnail","6":"product_brand-blue-force-gear","7":"product_cat-ceintures-tactiques","8":"product_cat-equipement","10":"first","11":"instock","12":"taxable","13":"shipping-taxable","14":"purchasable","15":"product-type-variable","16":"wvs-archive-product-wrapper"},"acf":[],"_links":{"self":[{"href":"https:\/\/staging.nbg.eu\/fr\/wp-json\/wp\/v2\/product\/35561","targetHints":{"allow":["GET"]}}],"collection":[{"href":"https:\/\/staging.nbg.eu\/fr\/wp-json\/wp\/v2\/product"}],"about":[{"href":"https:\/\/staging.nbg.eu\/fr\/wp-json\/wp\/v2\/types\/product"}],"wp:featuredmedia":[{"embeddable":true,"href":"https:\/\/staging.nbg.eu\/fr\/wp-json\/wp\/v2\/media\/35562"}],"wp:attachment":[{"href":"https:\/\/staging.nbg.eu\/fr\/wp-json\/wp\/v2\/media?parent=35561"}],"wp:term":[{"taxonomy":"product_brand","embeddable":true,"href":"https:\/\/staging.nbg.eu\/fr\/wp-json\/wp\/v2\/product_brand?post=35561"},{"taxonomy":"product_cat","embeddable":true,"href":"https:\/\/staging.nbg.eu\/fr\/wp-json\/wp\/v2\/product_cat?post=35561"},{"taxonomy":"product_tag","embeddable":true,"href":"https:\/\/staging.nbg.eu\/fr\/wp-json\/wp\/v2\/product_tag?post=35561"}],"curies":[{"name":"wp","href":"https:\/\/api.w.org\/{rel}","templated":true}]}}