{"id":34451,"date":"2024-07-30T19:30:06","date_gmt":"2024-08-27T14:17:55","guid":{"rendered":"https:\/\/staging.nbg.eu\/product\/admin-pouch\/"},"modified":"2024-08-27T14:19:01","modified_gmt":"2024-08-27T14:19:01","slug":"pochette-admin","status":"publish","type":"product","link":"https:\/\/staging.nbg.eu\/fr\/produit\/pochette-admin\/","title":{"rendered":"Pochette Admin"},"content":{"rendered":"<div class=\"product-description\">\n<h2>Pochette Administrative BlueForceGear<\/h2>\n<p>Restez organis\u00e9 sur le terrain avec la pochette administrative BlueForceGear. Cette pochette polyvalente est parfaite pour ranger et acc\u00e9der \u00e0 l&rsquo;\u00e9quipement essentiel :<\/p>\n<ul>\n<li>Construction durable en Cordura 500D<\/li>\n<li>Compatible MOLLE pour une fixation facile<\/li>\n<li>Multiples poches internes et boucles \u00e9lastiques<\/li>\n<li>Fermeture \u00e0 glissi\u00e8re s\u00e9curis\u00e9e<\/li>\n<li>Disponible en plusieurs couleurs<\/li>\n<\/ul>\n<p>Id\u00e9ale pour les militaires, les forces de l&rsquo;ordre et les amateurs de plein air. Gardez vos articles administratifs organis\u00e9s et facilement accessibles avec cette pochette robuste et fonctionnelle.<\/p>\n<\/div>\n","protected":false},"excerpt":{"rendered":"<p>Pochette administrative compacte et polyvalente pour organiser l&rsquo;\u00e9quipement essentiel en d\u00e9placement.<\/p>\n","protected":false},"featured_media":34458,"template":"","meta":{"_acf_changed":false},"product_brand":[11128],"product_cat":[12160,12151],"product_tag":[],"class_list":{"0":"post-34451","1":"product","2":"type-product","3":"status-publish","4":"has-post-thumbnail","6":"product_brand-blue-force-gear","7":"product_cat-equipement","8":"product_cat-pochettes","10":"first","11":"instock","12":"taxable","13":"shipping-taxable","14":"purchasable","15":"product-type-variable","16":"wvs-archive-product-wrapper"},"acf":[],"_links":{"self":[{"href":"https:\/\/staging.nbg.eu\/fr\/wp-json\/wp\/v2\/product\/34451","targetHints":{"allow":["GET"]}}],"collection":[{"href":"https:\/\/staging.nbg.eu\/fr\/wp-json\/wp\/v2\/product"}],"about":[{"href":"https:\/\/staging.nbg.eu\/fr\/wp-json\/wp\/v2\/types\/product"}],"wp:featuredmedia":[{"embeddable":true,"href":"https:\/\/staging.nbg.eu\/fr\/wp-json\/wp\/v2\/media\/34458"}],"wp:attachment":[{"href":"https:\/\/staging.nbg.eu\/fr\/wp-json\/wp\/v2\/media?parent=34451"}],"wp:term":[{"taxonomy":"product_brand","embeddable":true,"href":"https:\/\/staging.nbg.eu\/fr\/wp-json\/wp\/v2\/product_brand?post=34451"},{"taxonomy":"product_cat","embeddable":true,"href":"https:\/\/staging.nbg.eu\/fr\/wp-json\/wp\/v2\/product_cat?post=34451"},{"taxonomy":"product_tag","embeddable":true,"href":"https:\/\/staging.nbg.eu\/fr\/wp-json\/wp\/v2\/product_tag?post=34451"}],"curies":[{"name":"wp","href":"https:\/\/api.w.org\/{rel}","templated":true}]}}