{"id":32816,"date":"2024-07-30T19:40:48","date_gmt":"2024-08-27T12:39:26","guid":{"rendered":"https:\/\/staging.nbg.eu\/product\/ten-speed-sf-chest-rig-sr25-ar-10\/"},"modified":"2024-08-27T12:43:06","modified_gmt":"2024-08-27T12:43:06","slug":"gilet-tactique-ten-speed-sf-sr25-ar-10","status":"publish","type":"product","link":"https:\/\/staging.nbg.eu\/fr\/produit\/gilet-tactique-ten-speed-sf-sr25-ar-10\/","title":{"rendered":"Gilet Tactique Ten-Speed SF SR25 (AR-10)"},"content":{"rendered":"<div class=\"product-description\">\n<h2>Porte-chargeurs Ten-Speed\u00ae SF SR25 (AR-10) par BlueForceGear<\/h2>\n<p>Con\u00e7u pour une polyvalence et un confort maximaux, ce porte-chargeurs l\u00e9ger est parfait pour les chargeurs SR25 et AR-10. Ses caract\u00e9ristiques incluent :<\/p>\n<ul>\n<li>Trois poches multi-usages Ten-Speed\u00ae pour chargeurs ou accessoires<\/li>\n<li>Bretelles et ceinture ajustables pour un maintien s\u00fbr<\/li>\n<li>Fabriqu\u00e9 avec le tissu ULTRAcomp\u00ae durable<\/li>\n<li>Compatible avec divers accessoires BlueForceGear<\/li>\n<li>Disponible en plusieurs couleurs<\/li>\n<\/ul>\n<p>Id\u00e9al pour les militaires, les forces de l&rsquo;ordre et les tireurs de comp\u00e9tition \u00e0 la recherche d&rsquo;une solution de porte-chargeurs \u00e0 profil bas et haute performance.<\/p>\n<\/div>\n","protected":false},"excerpt":{"rendered":"<p>Porte-chargeur l\u00e9ger pour chargeurs AR-10\/SR25. Acc\u00e8s rapide, conception modulaire.<\/p>\n","protected":false},"featured_media":32820,"template":"","meta":{"_acf_changed":false},"product_brand":[11128],"product_cat":[12160,12202],"product_tag":[],"class_list":{"0":"post-32816","1":"product","2":"type-product","3":"status-publish","4":"has-post-thumbnail","6":"product_brand-blue-force-gear","7":"product_cat-equipement","8":"product_cat-gilets-tactiques","10":"first","11":"instock","12":"taxable","13":"shipping-taxable","14":"purchasable","15":"product-type-variable","16":"wvs-archive-product-wrapper"},"acf":[],"_links":{"self":[{"href":"https:\/\/staging.nbg.eu\/fr\/wp-json\/wp\/v2\/product\/32816","targetHints":{"allow":["GET"]}}],"collection":[{"href":"https:\/\/staging.nbg.eu\/fr\/wp-json\/wp\/v2\/product"}],"about":[{"href":"https:\/\/staging.nbg.eu\/fr\/wp-json\/wp\/v2\/types\/product"}],"wp:featuredmedia":[{"embeddable":true,"href":"https:\/\/staging.nbg.eu\/fr\/wp-json\/wp\/v2\/media\/32820"}],"wp:attachment":[{"href":"https:\/\/staging.nbg.eu\/fr\/wp-json\/wp\/v2\/media?parent=32816"}],"wp:term":[{"taxonomy":"product_brand","embeddable":true,"href":"https:\/\/staging.nbg.eu\/fr\/wp-json\/wp\/v2\/product_brand?post=32816"},{"taxonomy":"product_cat","embeddable":true,"href":"https:\/\/staging.nbg.eu\/fr\/wp-json\/wp\/v2\/product_cat?post=32816"},{"taxonomy":"product_tag","embeddable":true,"href":"https:\/\/staging.nbg.eu\/fr\/wp-json\/wp\/v2\/product_tag?post=32816"}],"curies":[{"name":"wp","href":"https:\/\/api.w.org\/{rel}","templated":true}]}}