{"id":31607,"date":"2024-08-18T19:30:03","date_gmt":"2024-08-24T13:46:16","guid":{"rendered":"https:\/\/staging.nbg.eu\/product\/daa-22x22mm-target-patches\/"},"modified":"2024-09-10T07:35:51","modified_gmt":"2024-09-10T07:35:51","slug":"pastilles-de-cible-daa-22x22mm","status":"publish","type":"product","link":"https:\/\/staging.nbg.eu\/fr\/produit\/pastilles-de-cible-daa-22x22mm\/","title":{"rendered":"Pastilles de Cible Daa 22X22Mm"},"content":{"rendered":"<div class=\"product-description\">\n<h2>Pastilles de cible DAA 22x22mm<\/h2>\n<p>Am\u00e9liorez votre exp\u00e9rience de tir avec les pastilles de cible sur mesure de DAA, con\u00e7ues pour se fondre parfaitement avec les cibles en carton courantes.<\/p>\n<ul>\n<li>Couleur assortie pour une application quasi invisible sur les cibles courantes<\/li>\n<li>Design carr\u00e9 unique de 22x22mm pour une plus grande couverture<\/li>\n<li>Application plus facile et plus rapide que les pastilles rondes standard<\/li>\n<li>1 000 pastilles par rouleau, 10 rouleaux par manchon<\/li>\n<\/ul>\n<p>Ces pastilles premium offrent une couverture et une efficacit\u00e9 sup\u00e9rieures par rapport aux pastilles rondes standard de 20mm. Leur forme carr\u00e9e permet une application plus rapide sans n\u00e9cessiter de vis\u00e9e pr\u00e9cise. Que vous soyez un tireur professionnel ou amateur, les pastilles de cible DAA offrent une solution parfaite pour prolonger la dur\u00e9e de vie de vos cibles dans toutes les conditions m\u00e9t\u00e9orologiques.<\/p>\n<\/div>\n","protected":false},"excerpt":{"rendered":"<p>Pastilles de cible r\u00e9sistantes aux intemp\u00e9ries de 22x22mm. 1000\/rouleau, 10 rouleaux\/paquet.<\/p>\n","protected":false},"featured_media":29099,"template":"","meta":{"_acf_changed":false},"product_brand":[11268],"product_cat":[12191,12166,12158],"product_tag":[],"class_list":{"0":"post-31607","1":"product","2":"type-product","3":"status-publish","4":"has-post-thumbnail","6":"product_brand-doublealpha","7":"product_cat-cibles","8":"product_cat-cibles-papier","9":"product_cat-patches-et-tire-patches","11":"first","12":"instock","13":"taxable","14":"shipping-taxable","15":"purchasable","16":"product-type-variable","17":"wvs-archive-product-wrapper"},"acf":[],"_links":{"self":[{"href":"https:\/\/staging.nbg.eu\/fr\/wp-json\/wp\/v2\/product\/31607","targetHints":{"allow":["GET"]}}],"collection":[{"href":"https:\/\/staging.nbg.eu\/fr\/wp-json\/wp\/v2\/product"}],"about":[{"href":"https:\/\/staging.nbg.eu\/fr\/wp-json\/wp\/v2\/types\/product"}],"wp:featuredmedia":[{"embeddable":true,"href":"https:\/\/staging.nbg.eu\/fr\/wp-json\/wp\/v2\/media\/29099"}],"wp:attachment":[{"href":"https:\/\/staging.nbg.eu\/fr\/wp-json\/wp\/v2\/media?parent=31607"}],"wp:term":[{"taxonomy":"product_brand","embeddable":true,"href":"https:\/\/staging.nbg.eu\/fr\/wp-json\/wp\/v2\/product_brand?post=31607"},{"taxonomy":"product_cat","embeddable":true,"href":"https:\/\/staging.nbg.eu\/fr\/wp-json\/wp\/v2\/product_cat?post=31607"},{"taxonomy":"product_tag","embeddable":true,"href":"https:\/\/staging.nbg.eu\/fr\/wp-json\/wp\/v2\/product_tag?post=31607"}],"curies":[{"name":"wp","href":"https:\/\/api.w.org\/{rel}","templated":true}]}}