{"id":31439,"date":"2024-08-18T19:39:34","date_gmt":"2024-08-24T13:40:07","guid":{"rendered":"https:\/\/staging.nbg.eu\/product\/flex-holster-spare-set-of-side-spacers\/"},"modified":"2024-08-24T13:43:36","modified_gmt":"2024-08-24T13:43:36","slug":"holster-flex-jeu-dentretoises-laterales-de-rechange","status":"publish","type":"product","link":"https:\/\/staging.nbg.eu\/fr\/produit\/holster-flex-jeu-dentretoises-laterales-de-rechange\/","title":{"rendered":"Holster Flex &#8211; Jeu d&rsquo;Entretoises Lat\u00e9rales de Rechange"},"content":{"rendered":"<div class=\"product-description\">\n<h2>Flex Holster &#8211; Jeu de cales lat\u00e9rales suppl\u00e9mentaires<\/h2>\n<p>Am\u00e9liorez la polyvalence de votre Flex Holster avec ce jeu de cales lat\u00e9rales suppl\u00e9mentaires de Double Alpha Academy. Ces cales de pr\u00e9cision vous permettent de :<\/p>\n<ul>\n<li>Ajuster la largeur de votre holster pour diff\u00e9rents mod\u00e8les d&rsquo;armes<\/li>\n<li>R\u00e9gler finement la pression de r\u00e9tention<\/li>\n<li>Personnaliser votre mouvement de d\u00e9gainage<\/li>\n<\/ul>\n<p>Fabriqu\u00e9es en polym\u00e8re durable, ces cales assurent une performance \u00e0 long terme. Compatibles avec tous les mod\u00e8les de Flex Holster, elles sont essentielles pour les tireurs de comp\u00e9tition et les passionn\u00e9s qui exigent une adaptabilit\u00e9 maximale de leur \u00e9quipement.<\/p>\n<p>Am\u00e9liorez votre Flex Holster d\u00e8s aujourd&rsquo;hui pour une performance et une polyvalence optimales !<\/p>\n<\/div>\n","protected":false},"excerpt":{"rendered":"<p>Entretoises lat\u00e9rales suppl\u00e9mentaires pour Flex Holster. Personnalisez l&rsquo;ajustement et la r\u00e9tention.<\/p>\n","protected":false},"featured_media":29444,"template":"","meta":{"_acf_changed":false},"product_brand":[],"product_cat":[12180,12185,12147],"product_tag":[],"class_list":{"0":"post-31439","1":"product","2":"type-product","3":"status-publish","4":"has-post-thumbnail","6":"product_cat-accessoires-detui","7":"product_cat-etui-de-sport","8":"product_cat-holster","10":"first","11":"instock","12":"taxable","13":"shipping-taxable","14":"purchasable","15":"product-type-variable","16":"wvs-archive-product-wrapper"},"acf":[],"_links":{"self":[{"href":"https:\/\/staging.nbg.eu\/fr\/wp-json\/wp\/v2\/product\/31439","targetHints":{"allow":["GET"]}}],"collection":[{"href":"https:\/\/staging.nbg.eu\/fr\/wp-json\/wp\/v2\/product"}],"about":[{"href":"https:\/\/staging.nbg.eu\/fr\/wp-json\/wp\/v2\/types\/product"}],"wp:featuredmedia":[{"embeddable":true,"href":"https:\/\/staging.nbg.eu\/fr\/wp-json\/wp\/v2\/media\/29444"}],"wp:attachment":[{"href":"https:\/\/staging.nbg.eu\/fr\/wp-json\/wp\/v2\/media?parent=31439"}],"wp:term":[{"taxonomy":"product_brand","embeddable":true,"href":"https:\/\/staging.nbg.eu\/fr\/wp-json\/wp\/v2\/product_brand?post=31439"},{"taxonomy":"product_cat","embeddable":true,"href":"https:\/\/staging.nbg.eu\/fr\/wp-json\/wp\/v2\/product_cat?post=31439"},{"taxonomy":"product_tag","embeddable":true,"href":"https:\/\/staging.nbg.eu\/fr\/wp-json\/wp\/v2\/product_tag?post=31439"}],"curies":[{"name":"wp","href":"https:\/\/api.w.org\/{rel}","templated":true}]}}